{"id":739,"date":"2024-11-06T10:37:23","date_gmt":"2024-11-06T10:37:23","guid":{"rendered":"https:\/\/hdts-industry.com\/san-pham\/banh-xe-xoay-co-phanh-o250-jb-250"},"modified":"2024-11-06T10:37:40","modified_gmt":"2024-11-06T10:37:40","slug":"banh-xe-xoay-co-phanh-o250-jb-250","status":"publish","type":"product","link":"https:\/\/hdts-industry.com\/zh\/product\/banh-xe-xoay-co-phanh-o250-jb-250","title":{"rendered":"B\u00e1nh xe xoay, c\u00f3 phanh \u00d8250 (JB-250)"},"content":{"rendered":"<\/p>\n<div class=\"thongtinsanpham details-info\">\n<table class=\"table1\">\n<tbody>\n<tr>\n<td align=\"center\" bgcolor=\"#62b0ff\" rowspan=\"2\">\u30b5\u30a4\u30ba<\/td>\n<td align=\"center\" bgcolor=\"#62b0ff\" colspan=\"2\" rowspan=\"3\">\u54c1\u3000\u3000\u3000\u756a<\/td>\n<td align=\"center\" bgcolor=\"#62b0ff\" rowspan=\"3\">\u8eca\u8f2a\u4ed5\u69d8<\/td>\n<td align=\"center\" bgcolor=\"#62b0ff\" rowspan=\"3\">\u8ef8\u53d7<\/td>\n<td align=\"center\" bgcolor=\"#62b0ff\" colspan=\"2\">\u6700\u5927\u8377\u91cd<\/td>\n<td align=\"center\" bgcolor=\"#62b0ff\" style=\"border-bottom-style : none;\">\u30bf\u30a4\u30e4<br \/>\n\t\u5e45<\/td>\n<td align=\"center\" bgcolor=\"#62b0ff\" style=\"border-bottom-style : none;\">\u30b7\u30e3\u30d5\u30c8<br \/>\n\t\u5f84<\/td>\n<td align=\"center\" bgcolor=\"#62b0ff\" style=\"border-bottom-style : none;\">\u53d6\u4ed8<br \/>\n\t\u9ad8\u3055<\/td>\n<td align=\"center\" bgcolor=\"#62b0ff\" style=\"border-bottom-style : none;\">\u30c8\u30c3\u30d7<br \/>\n\t\u30d7\u30ec\u30fc\u30c8<\/td>\n<td align=\"center\" bgcolor=\"#62b0ff\" style=\"border-bottom-style : none;\">\u53d6\u4ed8\u7a74<br \/>\n\t\u30d4\u30c3\u30c1<\/td>\n<td align=\"center\" bgcolor=\"#62b0ff\" style=\"border-bottom-style : none;\">\u53d6\u4ed8<br \/>\n\t\u7a74\u5f84<\/td>\n<td align=\"center\" bgcolor=\"#62b0ff\" style=\"border-bottom-style : none;\">\u504f\u5fc3<\/td>\n<td align=\"center\" bgcolor=\"#62b0ff\" style=\"border-bottom-style : none;\">\u81ea\u91cd<\/td>\n<\/tr>\n<tr>\n<td bgcolor=\"#62b0ff\">(daN)<\/td>\n<td bgcolor=\"#62b0ff\">(kgf)<\/td>\n<td align=\"center\" bgcolor=\"#62b0ff\" style=\"border-top-style : none;\">R<\/td>\n<td align=\"center\" bgcolor=\"#62b0ff\" style=\"border-top-style : none;\">D<\/td>\n<td align=\"center\" bgcolor=\"#62b0ff\" style=\"border-top-style : none;\">H1<\/td>\n<td align=\"center\" bgcolor=\"#62b0ff\" style=\"border-top-style : none;\">F1\/F2<\/td>\n<td align=\"center\" bgcolor=\"#62b0ff\" style=\"border-top-style : none;\">P1\/P2<\/td>\n<td align=\"center\" bgcolor=\"#62b0ff\" style=\"border-top-style : none;\">d<\/td>\n<td align=\"center\" bgcolor=\"#62b0ff\" style=\"border-top-style : none;\">E<\/td>\n<td align=\"center\" bgcolor=\"#62b0ff\" style=\"border-top-style : none;\">(g)<\/td>\n<\/tr>\n<tr>\n<td bgcolor=\"#62b0ff\"><img decoding=\"async\" border=\"0\" height=\"54\" src=\"http:\/\/www.gifusanken.com\/cataj0701\/mark\/size.png\" width=\"40\"><\/td>\n<td align=\"center\" bgcolor=\"#62b0ff\" colspan=\"2\"><img decoding=\"async\" border=\"0\" height=\"54\" src=\"http:\/\/www.gifusanken.com\/cataj0701\/mark\/maxweight_sj.png\" width=\"43\"><\/td>\n<td align=\"center\" bgcolor=\"#62b0ff\"><img decoding=\"async\" border=\"0\" height=\"54\" src=\"http:\/\/www.gifusanken.com\/cataj0701\/mark\/widthr.png\" width=\"37\"><\/td>\n<td align=\"center\" bgcolor=\"#62b0ff\">\n\t<img decoding=\"async\" align=\"bottom\" border=\"0\" height=\"37\" src=\"http:\/\/www.gifusanken.com\/cataj0701\/mark\/shaftd.png\" width=\"43\"><\/td>\n<td align=\"center\" bgcolor=\"#62b0ff\">\n\t<img decoding=\"async\" border=\"0\" height=\"33\" src=\"http:\/\/www.gifusanken.com\/cataj0701\/mark\/heighth_h1.png\" width=\"43\"><\/td>\n<td align=\"center\" bgcolor=\"#62b0ff\"><img decoding=\"async\" border=\"0\" height=\"51\" src=\"http:\/\/www.gifusanken.com\/cataj0701\/mark\/topplate_f1f2.png\" width=\"43\"><\/td>\n<td align=\"center\" bgcolor=\"#62b0ff\"><img decoding=\"async\" border=\"0\" height=\"47\" src=\"http:\/\/www.gifusanken.com\/cataj0701\/mark\/pitch_p1p2.png\" width=\"38\"><\/td>\n<td align=\"center\" bgcolor=\"#62b0ff\"><img decoding=\"async\" border=\"0\" height=\"51\" src=\"http:\/\/www.gifusanken.com\/cataj0701\/mark\/torituke_d.png\" width=\"43\"><\/td>\n<td align=\"center\" bgcolor=\"#62b0ff\"><img decoding=\"async\" border=\"0\" height=\"47\" src=\"http:\/\/www.gifusanken.com\/cataj0701\/mark\/hensin_e.png\" width=\"33\"><\/td>\n<td align=\"center\" bgcolor=\"#62b0ff\"><img decoding=\"async\" border=\"0\" height=\"50\" src=\"http:\/\/www.gifusanken.com\/cataj0701\/mark\/weight.png\" width=\"21\"><\/td>\n<\/tr>\n<tr>\n<td align=\"center\" bgcolor=\"#80ff80\" rowspan=\"8\">250<\/td>\n<td bgcolor=\"#cccccc\" colspan=\"14\"><b>\u25a0\u92fc\u677f\u88fd\u30b4\u30e0<\/b><\/td>\n<\/tr>\n<tr>\n<td bgcolor=\"#80ff80\" colspan=\"2\"><b>SJB-250<\/b><\/td>\n<td bgcolor=\"#ffffff\">\u30b4\u30e0<\/td>\n<td align=\"center\" bgcolor=\"#ffffff\">B\/B\u5165<\/td>\n<td align=\"center\" bgcolor=\"#ffffff\">330<\/td>\n<td align=\"center\" bgcolor=\"#ffffff\">336.6<\/td>\n<td align=\"center\" bgcolor=\"#ffffff\" rowspan=\"3\">50<\/td>\n<td align=\"center\" bgcolor=\"#ffffff\" rowspan=\"3\">25<\/td>\n<td align=\"center\" bgcolor=\"#ffffff\" rowspan=\"3\">305<\/td>\n<td align=\"center\" bgcolor=\"#ffffff\" rowspan=\"3\">160\/160<\/td>\n<td align=\"center\" bgcolor=\"#ffffff\" rowspan=\"3\">125\/125<\/td>\n<td align=\"center\" bgcolor=\"#ffffff\" rowspan=\"3\">14<\/td>\n<td align=\"center\" bgcolor=\"#ffffff\" rowspan=\"3\">71<\/td>\n<td align=\"center\" bgcolor=\"#ffffff\">6,370<\/td>\n<\/tr>\n<tr>\n<td bgcolor=\"#80ff80\" colspan=\"2\"><b>SRJB-520<\/b><\/td>\n<td bgcolor=\"#ffffff\">\u8d64\u30b4\u30e0<\/td>\n<td align=\"center\" bgcolor=\"#ffffff\">B\/B\u5165<\/td>\n<td align=\"center\" bgcolor=\"#ffffff\">260<\/td>\n<td align=\"center\" bgcolor=\"#ffffff\">265.2<\/td>\n<td align=\"center\" bgcolor=\"#ffffff\">6,370<\/td>\n<\/tr>\n<tr>\n<td bgcolor=\"#80ff80\" colspan=\"2\"><b>CRJB-250<\/b><\/td>\n<td bgcolor=\"#ffffff\">\u8010\u71b1\u30b4\u30e0<\/td>\n<td align=\"center\" bgcolor=\"#ffffff\">B\/B\u5165<\/td>\n<td align=\"center\" bgcolor=\"#ffffff\">330<\/td>\n<td align=\"center\" bgcolor=\"#ffffff\">336.6<\/td>\n<td align=\"center\" bgcolor=\"#ffffff\">6,590<\/td>\n<\/tr>\n<tr>\n<td bgcolor=\"#cccccc\" colspan=\"14\"><b>\u25a0\u92fc\u677f\u88fd\u30a6\u30ec\u30bf\u30f3\u30b4\u30e0<\/b><\/td>\n<\/tr>\n<tr>\n<td bgcolor=\"#80ff80\" colspan=\"2\"><b>SUIJB-250<\/b><\/td>\n<td bgcolor=\"#ffffff\">\u30a6\u30ec\u30bf\u30f3<\/td>\n<td align=\"center\" bgcolor=\"#ffffff\">B\/B\u5165<\/td>\n<td align=\"center\" bgcolor=\"#ffffff\">500<\/td>\n<td align=\"center\" bgcolor=\"#ffffff\">510.0<\/td>\n<td align=\"center\" bgcolor=\"#ffffff\">45<\/td>\n<td align=\"center\" bgcolor=\"#ffffff\">25<\/td>\n<td align=\"center\" bgcolor=\"#ffffff\">305<\/td>\n<td align=\"center\" bgcolor=\"#ffffff\">160\/160<\/td>\n<td align=\"center\" bgcolor=\"#ffffff\">125\/125<\/td>\n<td align=\"center\" bgcolor=\"#ffffff\">14<\/td>\n<td align=\"center\" bgcolor=\"#ffffff\">71<\/td>\n<td align=\"center\" bgcolor=\"#ffffff\">6,930<\/td>\n<\/tr>\n<tr>\n<td bgcolor=\"#cccccc\" colspan=\"14\"><b>\u25a0MC\u30ca\u30a4\u30ed\u30f3<\/b><\/td>\n<\/tr>\n<tr>\n<td bgcolor=\"#ffb56a\" colspan=\"2\"><b>UWBSJB-250<\/b><\/td>\n<td bgcolor=\"#ffb56a\">MC\u30ca\u30a4\u30ed\u30f3<\/td>\n<td align=\"center\" bgcolor=\"#ffb56a\">B\/B\u5165<\/td>\n<td align=\"center\" bgcolor=\"#ffffff\">550<\/td>\n<td align=\"center\" bgcolor=\"#ffffff\">561.0<\/td>\n<td align=\"center\" bgcolor=\"#ffffff\">36<\/td>\n<td align=\"center\" bgcolor=\"#ffffff\">25<\/td>\n<td align=\"center\" bgcolor=\"#ffffff\">305<\/td>\n<td align=\"center\" bgcolor=\"#ffffff\">160\/160<\/td>\n<td align=\"center\" bgcolor=\"#ffffff\">125\/125<\/td>\n<td align=\"center\" bgcolor=\"#ffffff\">14<\/td>\n<td align=\"center\" bgcolor=\"#ffffff\">71<\/td>\n<td align=\"center\" bgcolor=\"#ffffff\">6,090<\/td>\n<\/tr>\n<\/tbody>\n<\/table>\n<p>\u00a0<\/p>\n<\/p><\/div>","protected":false},"excerpt":{"rendered":"<p>\u30b5\u30a4\u30ba \u54c1\u3000\u3000\u3000\u756a \u8eca\u8f2a\u4ed5\u69d8 \u8ef8\u53d7 \u6700\u5927\u8377\u91cd \u30bf\u30a4\u30e4 \u5e45 \u30b7\u30e3\u30d5\u30c8 \u5f84 \u53d6\u4ed8 \u9ad8\u3055 \u30c8\u30c3\u30d7 \u30d7\u30ec\u30fc\u30c8 \u53d6\u4ed8\u7a74 \u30d4\u30c3\u30c1 \u53d6\u4ed8 \u7a74\u5f84 \u504f\u5fc3 \u81ea\u91cd (daN) (kgf) R D H1 F1\/F2 P1\/P2 d E (g) 250 \u25a0\u92fc\u677f\u88fd\u30b4\u30e0 SJB-250 \u30b4\u30e0 B\/B\u5165 330 336.6 50 25 305 160\/160 125\/125 14 71 6,370 SRJB-520 \u8d64\u30b4\u30e0 B\/B\u5165 260 265.2 6,370 CRJB-250 \u8010\u71b1\u30b4\u30e0 B\/B\u5165 330 336.6&#8230;<\/p>","protected":false},"featured_media":740,"comment_status":"closed","ping_status":"closed","template":"","meta":[],"product_cat":[37],"product_tag":[],"class_list":["post-739","product","type-product","status-publish","has-post-thumbnail","hentry","product_cat-banh-xe-co-dinh-co-phanh"],"_links":{"self":[{"href":"https:\/\/hdts-industry.com\/zh\/wp-json\/wp\/v2\/product\/739","targetHints":{"allow":["GET"]}}],"collection":[{"href":"https:\/\/hdts-industry.com\/zh\/wp-json\/wp\/v2\/product"}],"about":[{"href":"https:\/\/hdts-industry.com\/zh\/wp-json\/wp\/v2\/types\/product"}],"replies":[{"embeddable":true,"href":"https:\/\/hdts-industry.com\/zh\/wp-json\/wp\/v2\/comments?post=739"}],"wp:featuredmedia":[{"embeddable":true,"href":"https:\/\/hdts-industry.com\/zh\/wp-json\/wp\/v2\/media\/740"}],"wp:attachment":[{"href":"https:\/\/hdts-industry.com\/zh\/wp-json\/wp\/v2\/media?parent=739"}],"wp:term":[{"taxonomy":"product_cat","embeddable":true,"href":"https:\/\/hdts-industry.com\/zh\/wp-json\/wp\/v2\/product_cat?post=739"},{"taxonomy":"product_tag","embeddable":true,"href":"https:\/\/hdts-industry.com\/zh\/wp-json\/wp\/v2\/product_tag?post=739"}],"curies":[{"name":"wp","href":"https:\/\/api.w.org\/{rel}","templated":true}]}}