{"id":264,"date":"2023-09-12T08:36:43","date_gmt":"2023-09-12T08:36:43","guid":{"rendered":"https:\/\/hdts-industry.com\/?page_id=264"},"modified":"2023-09-12T08:49:38","modified_gmt":"2023-09-12T08:49:38","slug":"gioi-thieu","status":"publish","type":"page","link":"https:\/\/hdts-industry.com\/zh\/gioi-thieu","title":{"rendered":"\u5173\u4e8e\u6211\u4eec"},"content":{"rendered":"<div class=\"row\"  id=\"row-1201581412\">\n\n\t<div id=\"col-1583293747\" class=\"col medium-3 small-12 large-3\"  >\n\t\t<div class=\"is-sticky-column\"><div class=\"is-sticky-column__inner\">\t\t<div class=\"col-inner\"  >\n\t\t\t\n\t\t\t\n<ul class=\"sidebar-wrapper ul-reset\"><aside id=\"nav_menu-4\" class=\"widget widget_nav_menu\"><span class=\"widget-title\"><span>\u7c7b\u522b<\/span><\/span><div class=\"is-divider small\"><\/div><div class=\"menu-menu-doc-container\"><ul id=\"menu-menu-doc\" class=\"menu\"><li id=\"menu-item-222\" class=\"menu-item menu-item-type-taxonomy menu-item-object-product_cat menu-item-222\"><a href=\"https:\/\/hdts-industry.com\/zh\/product-category\/san-pham-khac\">\u4ea7 \u54c1<\/a><\/li>\n<li id=\"menu-item-223\" class=\"menu-item menu-item-type-taxonomy menu-item-object-category menu-item-223\"><a href=\"http:\/\/hdts-industry.com\/zh\/dich-vu\/\">HDTS<\/a><\/li>\n<li id=\"menu-item-225\" class=\"menu-item menu-item-type-custom menu-item-object-custom menu-item-225\"><a href=\"#\">\u8bbe\u8ba1\u548c\u5236\u9020\u673a\u5668<\/a><\/li>\n<li id=\"menu-item-224\" class=\"menu-item menu-item-type-taxonomy menu-item-object-category menu-item-224\"><a href=\"http:\/\/hdts-industry.com\/zh\/du-an-thi-cong\/\">\u4eba\u5458\u62db\u8058<\/a><\/li>\n<\/ul><\/div><\/aside>\t\t<aside id=\"flatsome_recent_posts-2\" class=\"widget flatsome_recent_posts\">\t\t<span class=\"widget-title\"><span>\u6d88 \u606f<\/span><\/span><div class=\"is-divider small\"><\/div>\t\t<ul>\t\t\n\t\t\n\t\t<li class=\"recent-blog-posts-li\">\n\t\t\t<div class=\"flex-row recent-blog-posts align-top pt-half pb-half\">\n\t\t\t\t<div class=\"flex-col mr-half\">\n\t\t\t\t\t<div class=\"badge post-date  badge-outline\">\n\t\t\t\t\t\t\t<div class=\"badge-inner bg-fill\" style=\"background: url(https:\/\/hdts-industry.com\/wp-content\/uploads\/2023\/09\/chinh_sach_doi_tra_hang_-_giao_hang_-_thanh_toan_836e3bb604c14bdcb7ce0c386bad92da_grande.jpg); border:0;\">\n                                \t\t\t\t\t\t\t<\/div>\n\t\t\t\t\t<\/div>\n\t\t\t\t<\/div>\n\t\t\t\t<div class=\"flex-col flex-grow\">\n\t\t\t\t\t  <a href=\"https:\/\/hdts-industry.com\/zh\/giao-hang-doi-tra-hang-hoa.html\" title=\"\u4ea4\u8d27\u548c\u9000\u8d27\">\u4ea4\u8d27\u548c\u9000\u8d27<\/a>\n\t\t\t\t   \t  <span class=\"post_comments op-7 block is-xsmall\"><a href=\"https:\/\/hdts-industry.com\/zh\/giao-hang-doi-tra-hang-hoa.html#respond\"><\/a><\/span>\n\t\t\t\t<\/div>\n\t\t\t<\/div>\n\t\t<\/li>\n\t\t\n\t\t\n\t\t<li class=\"recent-blog-posts-li\">\n\t\t\t<div class=\"flex-row recent-blog-posts align-top pt-half pb-half\">\n\t\t\t\t<div class=\"flex-col mr-half\">\n\t\t\t\t\t<div class=\"badge post-date  badge-outline\">\n\t\t\t\t\t\t\t<div class=\"badge-inner bg-fill\" style=\"background: url(https:\/\/hdts-industry.com\/wp-content\/uploads\/2023\/09\/tu-van-kt.jpg); border:0;\">\n                                \t\t\t\t\t\t\t<\/div>\n\t\t\t\t\t<\/div>\n\t\t\t\t<\/div>\n\t\t\t\t<div class=\"flex-col flex-grow\">\n\t\t\t\t\t  <a href=\"https:\/\/hdts-industry.com\/zh\/tu-van-ky-thuat-ho-tro-lap-dat.html\" title=\"T\u01af V\u1ea4N K\u1ef8 THU\u1eacT &#038; H\u1ed6 TR\u1ee2 L\u1eaeP \u0110\u1eb6T\">T\u01af V\u1ea4N K\u1ef8 THU\u1eacT &#038; H\u1ed6 TR\u1ee2 L\u1eaeP \u0110\u1eb6T<\/a>\n\t\t\t\t   \t  <span class=\"post_comments op-7 block is-xsmall\"><a href=\"https:\/\/hdts-industry.com\/zh\/tu-van-ky-thuat-ho-tro-lap-dat.html#respond\"><\/a><\/span>\n\t\t\t\t<\/div>\n\t\t\t<\/div>\n\t\t<\/li>\n\t\t\t\t<\/ul>\t\t<\/aside><\/ul>\n\t\t<\/div>\n\t\t<\/div><\/div>\t\t\t<\/div>\n\n\t\n\n\t<div id=\"col-212176175\" class=\"col medium-9 small-12 large-9\"  >\n\t\t\t\t<div class=\"col-inner\"  >\n\t\t\t\n\t\t\t\n<h2><b>GI\u1edaI THI\u1ec6U CHUNG<\/b><\/h2>\n<p><b>C\u00f4ng ty TNHH D\u1ecbch v\u1ee5 k\u1ef9 thu\u1eadt HD Vi\u1ec7t Nam <\/b>l\u00e0 doanh nghi\u1ec7p h\u00e0ng \u0111\u1ea7u cung c\u1ea5p linh ki\u1ec7n, thi\u1ebft b\u1ecb c\u00f4ng nghi\u1ec7p, d\u1ecbch v\u1ee5 k\u1ef9 thu\u1eadt v\u00e0 gi\u1ea3i ph\u00e1p c\u00f4ng nghi\u1ec7p. L\u00e0 doanh nghi\u1ec7p \u0111\u01b0\u1ee3c x\u00e2y d\u1ef1ng, ph\u00e1t tri\u1ec3n d\u1ef1a tr\u00ean n\u1ec1n t\u1ea3ng \u0111\u1ed9i ng\u0169 nh\u00e2n s\u1ef1 gi\u00e0u kinh nghi\u1ec7m c\u00f9ng c\u00e1c \u0111\u1ed1i t\u00e1c chi\u1ebfn l\u01b0\u1ee3c: v\u1edbi tinh th\u1ea7n m\u00e3nh li\u1ec7t, t\u01b0 duy \u0111\u1ed9t ph\u00e1, s\u00e1ng t\u1ea1o v\u00e0 linh ho\u1ea1t; \u0110\u1ecbnh h\u01b0\u1edbng c\u00f9ng Kh\u00e1ch h\u00e0ng v\u00e0 \u0111\u1ed1i t\u00e1c thi\u1ebft l\u1eadp nh\u1eefng gi\u1ea3i ph\u00e1p t\u1ed1i \u01b0u nh\u1ea5t, c\u00f9ng ti\u1ebfn \u0111\u1ebfn c\u00e1c gi\u00e1 tr\u1ecb v\u00e0 c\u00f9ng x\u00e2y d\u1ef1ng h\u1ec7 sinh th\u00e1i th\u00e0nh c\u00f4ng b\u1ec1n v\u1eefng.<\/p>\n<p>Gi\u1ea3i ph\u00e1p xoay quanh nh\u00f3m kh\u00e1ch h\u00e0ng, \u0111\u1ed1i t\u00e1c thu\u1ed9c c\u00e1c ng\u00e0nh: S\u1ea3n xu\u1ea5t gia c\u00f4ng linh ki\u1ec7n, l\u1eafp r\u00e1p, R&amp;D\u2026 : \u0111i\u1ec7n t\u1eed, \u00f4 t\u00f4 xe m\u00e1y, y t\u1ebf, d\u01b0\u1ee3c ph\u1ea9m, th\u1ef1c ph\u1ea9m, ng\u00e0nh nh\u1ef1a v\u00e0 ph\u1ee5 tr\u1ee3 kh\u00e1c:<\/p>\n<p>\u06deCung c\u1ea5p linh ki\u1ec7n, c\u1ea3i ti\u1ebfn, t\u01b0 v\u1ea5n gi\u1ea3i ph\u00e1p k\u1ef9 thu\u1eadt t\u1ef1 \u0111\u1ed9ng h\u00f3a cho nh\u00e0 m\u00e1y c\u00f4ng nghi\u1ec7p&#8230;<\/p>\n<p>\u06deThi\u1ebft k\u1ebf, gia c\u00f4ng, khu\u00f4n: \u0110\u00fac \u00e1p l\u1ef1c: nh\u00f4m, k\u1ebdm\u2026\u0110\u00fac \u00e9p nh\u1ef1a, JIG, Spare part\u2026<\/p>\n<p><b>Company<\/b><b>: <\/b><b>HD Groups: HDTS &amp; HDMOLD<\/b><\/p>\n<p><b>Main Office: <\/b>7th Floor, Viet A Building, No 9 Duy Tan Street, Dich Vong Hau Ward, Cau Giay District, Ha Noi City, Vietnam.<br \/><b>HCM Office:\u00a0 <\/b>5th Floor, M Building, No. 9, Street 8, Tan Phu Ward, District 7, Ho Chi Minh City<br \/><b>NA Office : <\/b>No. 45 &#8211; 47 Tran Phu street, Vinh city, Nghe An province.<br \/><b>Factory: <\/b>Di Trach IP , Hoai Duc District, Ha Noi City, Vietnam. <br \/><b>Add: <\/b>No 26+28, 29\/6 Alley, Khuong Ha Street, Khuong Dinh Ward, Thanh Xuan District, Hanoi City, VietNam\u00a0\u00a0\u00a0\u00a0\u00a0\u00a0\u00a0\u00a0\u00a0\u00a0\u00a0\u00a0\u00a0\u00a0\u00a0\u00a0\u00a0\u00a0\u00a0\u00a0\u00a0\u00a0<\/p>\n<ul>\n<li><b>Tax code: <\/b>0109354896\u00a0\u00a0\u00a0 <b>Hotline:\u00a0 <\/b>+84.969.463.894 <br \/><b><\/b><\/li>\n<li><b>Email<\/b>: <a href=\"mailto:dichvukythuathd68@gmail.com\">dichvukythuathd68<\/a><a href=\"mailto:dichvukythuathd68@gmail.com\">@gmail.com<\/a> &amp; Hieu@hdts-industry.com<\/li>\n<li><b>Website: <\/b><a href=\"https:\/\/hdtsv.com\/\">https:\/\/hdtsv.com<\/a> &amp; <u>https:\/\/hdts-industry.com<\/u><\/li>\n<li><b>Bank: <\/b>1016784086 \u2013 Vietcombank\u00a0 Tay Ha Noi<\/li>\n<\/ul>\n\t\t<\/div>\n\t\t\t\t\t<\/div>\n\n\t\n<\/div>","protected":false},"excerpt":{"rendered":"","protected":false},"author":1,"featured_media":0,"parent":0,"menu_order":0,"comment_status":"closed","ping_status":"closed","template":"","meta":{"footnotes":""},"class_list":["post-264","page","type-page","status-publish","hentry"],"_links":{"self":[{"href":"https:\/\/hdts-industry.com\/zh\/wp-json\/wp\/v2\/pages\/264","targetHints":{"allow":["GET"]}}],"collection":[{"href":"https:\/\/hdts-industry.com\/zh\/wp-json\/wp\/v2\/pages"}],"about":[{"href":"https:\/\/hdts-industry.com\/zh\/wp-json\/wp\/v2\/types\/page"}],"author":[{"embeddable":true,"href":"https:\/\/hdts-industry.com\/zh\/wp-json\/wp\/v2\/users\/1"}],"replies":[{"embeddable":true,"href":"https:\/\/hdts-industry.com\/zh\/wp-json\/wp\/v2\/comments?post=264"}],"version-history":[{"count":4,"href":"https:\/\/hdts-industry.com\/zh\/wp-json\/wp\/v2\/pages\/264\/revisions"}],"predecessor-version":[{"id":301,"href":"https:\/\/hdts-industry.com\/zh\/wp-json\/wp\/v2\/pages\/264\/revisions\/301"}],"wp:attachment":[{"href":"https:\/\/hdts-industry.com\/zh\/wp-json\/wp\/v2\/media?parent=264"}],"curies":[{"name":"wp","href":"https:\/\/api.w.org\/{rel}","templated":true}]}}