{"id":755,"date":"2024-11-06T10:40:40","date_gmt":"2024-11-06T10:40:40","guid":{"rendered":"https:\/\/hdts-industry.com\/san-pham\/banh-xe-xoay-co-phanh-o100-inox-jab-100"},"modified":"2024-11-06T10:40:57","modified_gmt":"2024-11-06T10:40:57","slug":"banh-xe-xoay-co-phanh-o100-inox-jab-100","status":"publish","type":"product","link":"https:\/\/hdts-industry.com\/ko\/product\/banh-xe-xoay-co-phanh-o100-inox-jab-100","title":{"rendered":"B\u00e1nh xe xoay, c\u00f3 phanh \u00d8100, Inox (JAB-100)"},"content":{"rendered":"<\/p>\n<div class=\"thongtinsanpham details-info\">\n<table class=\"table1\" style=\"border:undefined\">\n<tbody>\n<tr>\n<td align=\"center\" bgcolor=\"#62b0ff\" rowspan=\"2\">\u30b5\u30a4\u30ba<\/td>\n<td align=\"center\" bgcolor=\"#62b0ff\" colspan=\"2\" rowspan=\"3\">\u54c1\u3000\u3000\u3000\u756a<\/td>\n<td align=\"center\" bgcolor=\"#62b0ff\" rowspan=\"3\">\u8eca\u8f2a\u4ed5\u69d8<\/td>\n<td align=\"center\" bgcolor=\"#62b0ff\" rowspan=\"3\">\u8ef8\u53d7<\/td>\n<td align=\"center\" bgcolor=\"#62b0ff\" colspan=\"2\">\u6700\u5927\u8377\u91cd<\/td>\n<td align=\"center\" bgcolor=\"#62b0ff\" style=\"border-bottom-style:none\">\u30bf\u30a4\u30e4<br \/>\n\t\u5e45<\/td>\n<td align=\"center\" bgcolor=\"#62b0ff\" style=\"border-bottom-style:none\">\u30b7\u30e3\u30d5\u30c8<br \/>\n\t\u5f84<\/td>\n<td align=\"center\" bgcolor=\"#62b0ff\" style=\"border-bottom-style:none\">\u53d6\u4ed8<br \/>\n\t\u9ad8\u3055<\/td>\n<td align=\"center\" bgcolor=\"#62b0ff\" style=\"border-bottom-style:none\">\u30c8\u30c3\u30d7<br \/>\n\t\u30d7\u30ec\u30fc\u30c8<\/td>\n<td align=\"center\" bgcolor=\"#62b0ff\" style=\"border-bottom-style:none\">\u53d6\u4ed8\u7a74<br \/>\n\t\u30d4\u30c3\u30c1<\/td>\n<td align=\"center\" bgcolor=\"#62b0ff\" style=\"border-bottom-style:none\">\u53d6\u4ed8<br \/>\n\t\u7a74\u5f84<\/td>\n<td align=\"center\" bgcolor=\"#62b0ff\" style=\"border-bottom-style:none\">\u504f\u5fc3<\/td>\n<td align=\"center\" bgcolor=\"#62b0ff\" style=\"border-bottom-style:none\">\u81ea\u91cd<\/td>\n<\/tr>\n<tr>\n<td bgcolor=\"#62b0ff\">(daN)<\/td>\n<td bgcolor=\"#62b0ff\">(kgf)<\/td>\n<td align=\"center\" bgcolor=\"#62b0ff\" style=\"border-top-style:none\">R<\/td>\n<td align=\"center\" bgcolor=\"#62b0ff\" style=\"border-top-style:none\">D<\/td>\n<td align=\"center\" bgcolor=\"#62b0ff\" style=\"border-top-style:none\">H1<\/td>\n<td align=\"center\" bgcolor=\"#62b0ff\" style=\"border-top-style:none\">F1\/F2<\/td>\n<td align=\"center\" bgcolor=\"#62b0ff\" style=\"border-top-style:none\">P1\/P2<\/td>\n<td align=\"center\" bgcolor=\"#62b0ff\" style=\"border-top-style:none\">d<\/td>\n<td align=\"center\" bgcolor=\"#62b0ff\" style=\"border-top-style:none\">E<\/td>\n<td align=\"center\" bgcolor=\"#62b0ff\" style=\"border-top-style:none\">(g)<\/td>\n<\/tr>\n<tr>\n<td bgcolor=\"#62b0ff\"><img decoding=\"async\" src=\"http:\/\/www.gifusanken.com\/cataj0701\/mark\/size.png\" style=\"width:40px; height:54px\"><\/td>\n<td align=\"center\" bgcolor=\"#62b0ff\" colspan=\"2\"><img decoding=\"async\" src=\"http:\/\/www.gifusanken.com\/cataj0701\/mark\/maxweight_sj.png\" style=\"width:43px; height:54px\"><\/td>\n<td align=\"center\" bgcolor=\"#62b0ff\"><img decoding=\"async\" src=\"http:\/\/www.gifusanken.com\/cataj0701\/mark\/widthr.png\" style=\"width:37px; height:54px\"><\/td>\n<td align=\"center\" bgcolor=\"#62b0ff\">\n\t<img decoding=\"async\" align=\"bottom\" src=\"http:\/\/www.gifusanken.com\/cataj0701\/mark\/shaftd.png\" style=\"width:43px; height:37px\"><\/td>\n<td align=\"center\" bgcolor=\"#62b0ff\">\n\t<img decoding=\"async\" src=\"http:\/\/www.gifusanken.com\/cataj0701\/mark\/heighth_h1.png\" style=\"width:43px; height:33px\"><\/td>\n<td align=\"center\" bgcolor=\"#62b0ff\"><img decoding=\"async\" src=\"http:\/\/www.gifusanken.com\/cataj0701\/mark\/topplate_f1f2.png\" style=\"width:43px; height:51px\"><\/td>\n<td align=\"center\" bgcolor=\"#62b0ff\"><img decoding=\"async\" src=\"http:\/\/www.gifusanken.com\/cataj0701\/mark\/pitch_p1p2.png\" style=\"width:38px; height:47px\"><\/td>\n<td align=\"center\" bgcolor=\"#62b0ff\"><img decoding=\"async\" src=\"http:\/\/www.gifusanken.com\/cataj0701\/mark\/torituke_d.png\" style=\"width:43px; height:51px\"><\/td>\n<td align=\"center\" bgcolor=\"#62b0ff\"><img decoding=\"async\" src=\"http:\/\/www.gifusanken.com\/cataj0701\/mark\/hensin_e.png\" style=\"width:33px; height:47px\"><\/td>\n<td align=\"center\" bgcolor=\"#62b0ff\"><img decoding=\"async\" src=\"http:\/\/www.gifusanken.com\/cataj0701\/mark\/weight.png\" style=\"width:21px; height:50px\"><\/td>\n<\/tr>\n<tr>\n<td align=\"center\" bgcolor=\"#80ff80\" rowspan=\"25\">100<\/td>\n<td align=\"left\" bgcolor=\"#cccccc\" colspan=\"14\"><b style=\"text-align:left\">\u25a0\u30ca\u30a4\u30ed\u30f3<\/b><\/td>\n<\/tr>\n<tr>\n<td bgcolor=\"#80ff80\" colspan=\"2\"><b>PJAB-100<\/b><\/td>\n<td bgcolor=\"#ffffff\">\u30ca\u30a4\u30ed\u30f3<\/td>\n<td align=\"center\" bgcolor=\"#ffffff\">\u3000<\/td>\n<td align=\"center\" bgcolor=\"#ffffff\">120<\/td>\n<td align=\"center\" bgcolor=\"#ffffff\">122.4<\/td>\n<td align=\"center\" bgcolor=\"#ffffff\" rowspan=\"3\">35<\/td>\n<td align=\"center\" bgcolor=\"#ffffff\" rowspan=\"3\">12<\/td>\n<td align=\"center\" bgcolor=\"#ffffff\" rowspan=\"3\">144<\/td>\n<td align=\"center\" bgcolor=\"#ffffff\" rowspan=\"3\">95\/95<\/td>\n<td align=\"center\" bgcolor=\"#ffffff\" rowspan=\"3\">71\/71<\/td>\n<td align=\"center\" bgcolor=\"#ffffff\" rowspan=\"3\">11<\/td>\n<td align=\"center\" bgcolor=\"#ffffff\" rowspan=\"3\">35<\/td>\n<td align=\"center\" bgcolor=\"#ffffff\">990<\/td>\n<\/tr>\n<tr>\n<td bgcolor=\"#80ff80\" colspan=\"2\"><b>PBJAB-100<\/b><\/td>\n<td bgcolor=\"#ffffff\">\u30ca\u30a4\u30ed\u30f3<\/td>\n<td align=\"center\" bgcolor=\"#ffffff\">B\/B\u5165<\/td>\n<td align=\"center\" bgcolor=\"#ffffff\" rowspan=\"2\">180<\/td>\n<td align=\"center\" bgcolor=\"#ffffff\" rowspan=\"2\">183.6<\/td>\n<td align=\"center\" bgcolor=\"#ffffff\">1050<\/td>\n<\/tr>\n<tr>\n<td bgcolor=\"#80ff80\" colspan=\"2\"><b>PBDJAB-100<\/b><\/td>\n<td bgcolor=\"#ffffff\">\u30ca\u30a4\u30ed\u30f3<\/td>\n<td align=\"center\" bgcolor=\"#ffffff\">SUS\u5165<\/td>\n<td align=\"center\" bgcolor=\"#ffffff\">1050<\/td>\n<\/tr>\n<tr>\n<td align=\"left\" bgcolor=\"#cccccc\" colspan=\"14\"><b style=\"text-align:left\">\u25a0\u6a39\u8102\u88fd\u30b4\u30e0<\/b><\/td>\n<\/tr>\n<tr>\n<td bgcolor=\"#80ff80\" colspan=\"2\"><b>PNJAB-100<\/b><\/td>\n<td bgcolor=\"#ffffff\">\u30b4\u30e0<\/td>\n<td align=\"center\" bgcolor=\"#ffffff\">B\/B\u5165<\/td>\n<td align=\"center\" bgcolor=\"#ffffff\" rowspan=\"3\">100<\/td>\n<td align=\"center\" bgcolor=\"#ffffff\" rowspan=\"3\">102.0<\/td>\n<td align=\"center\" bgcolor=\"#ffffff\" rowspan=\"3\">32<\/td>\n<td align=\"center\" bgcolor=\"#ffffff\" rowspan=\"3\">12<\/td>\n<td align=\"center\" bgcolor=\"#ffffff\" rowspan=\"3\">144<\/td>\n<td align=\"center\" bgcolor=\"#ffffff\" rowspan=\"3\">95\/95<\/td>\n<td align=\"center\" bgcolor=\"#ffffff\" rowspan=\"3\">71\/71<\/td>\n<td align=\"center\" bgcolor=\"#ffffff\" rowspan=\"3\">11<\/td>\n<td align=\"center\" bgcolor=\"#ffffff\" rowspan=\"3\">35<\/td>\n<td align=\"center\" bgcolor=\"#ffffff\">1,090<\/td>\n<\/tr>\n<tr>\n<td bgcolor=\"#80ff80\" colspan=\"2\"><b>PNDJAB-100<\/b><\/td>\n<td bgcolor=\"#ffffff\">\u30b4\u30e0<\/td>\n<td align=\"center\" bgcolor=\"#ffffff\">SUS\u5165<\/td>\n<td align=\"center\" bgcolor=\"#ffffff\">1,090<\/td>\n<\/tr>\n<tr>\n<td bgcolor=\"#80ff80\" colspan=\"2\"><b>PNAJAB-100<\/b><\/td>\n<td bgcolor=\"#ffffff\">\u30b4\u30e0<\/td>\n<td align=\"center\" bgcolor=\"#ffffff\">\u3000<\/td>\n<td align=\"center\" bgcolor=\"#ffffff\">1,030<\/td>\n<\/tr>\n<tr>\n<td align=\"left\" bgcolor=\"#cccccc\" colspan=\"14\"><b style=\"text-align:left\">\u25a0\u6a39\u8102\u88fd\u30a6\u30ec\u30bf\u30f3\u30b4\u30e0<\/b><\/td>\n<\/tr>\n<tr>\n<td bgcolor=\"#80ff80\" colspan=\"2\"><b>PNUJAB-100<\/b><\/td>\n<td bgcolor=\"#ffffff\">\u30a6\u30ec\u30bf\u30f3<\/td>\n<td align=\"center\" bgcolor=\"#ffffff\">B\/B\u5165<\/td>\n<td align=\"center\" bgcolor=\"#ffffff\" rowspan=\"2\">150<\/td>\n<td align=\"center\" bgcolor=\"#ffffff\" rowspan=\"2\">153.0<\/td>\n<td align=\"center\" bgcolor=\"#ffffff\" rowspan=\"3\">32<\/td>\n<td align=\"center\" bgcolor=\"#ffffff\" rowspan=\"3\">12<\/td>\n<td align=\"center\" bgcolor=\"#ffffff\" rowspan=\"3\">144<\/td>\n<td align=\"center\" bgcolor=\"#ffffff\" rowspan=\"3\">95\/95<\/td>\n<td align=\"center\" bgcolor=\"#ffffff\" rowspan=\"3\">71\/71<\/td>\n<td align=\"center\" bgcolor=\"#ffffff\" rowspan=\"3\">11<\/td>\n<td align=\"center\" bgcolor=\"#ffffff\" rowspan=\"3\">35<\/td>\n<td align=\"center\" bgcolor=\"#ffffff\">1,070<\/td>\n<\/tr>\n<tr>\n<td bgcolor=\"#80ff80\" colspan=\"2\"><b>PNUDJAB-100<\/b><\/td>\n<td bgcolor=\"#ffffff\">\u30a6\u30ec\u30bf\u30f3<\/td>\n<td align=\"center\" bgcolor=\"#ffffff\">SUS\u5165<\/td>\n<td align=\"center\" bgcolor=\"#ffffff\">1,070<\/td>\n<\/tr>\n<tr>\n<td bgcolor=\"#80ff80\" colspan=\"2\"><b>PNUAJAB-100<\/b><\/td>\n<td bgcolor=\"#ffffff\">\u30a6\u30ec\u30bf\u30f3<\/td>\n<td align=\"center\" bgcolor=\"#ffffff\">\u3000\u3000\u3000<\/td>\n<td align=\"center\" bgcolor=\"#ffffff\">100<\/td>\n<td align=\"center\" bgcolor=\"#ffffff\">102.0<\/td>\n<td align=\"center\" bgcolor=\"#ffffff\">1,010<\/td>\n<\/tr>\n<tr>\n<td align=\"left\" bgcolor=\"#cccccc\" colspan=\"14\"><b style=\"text-align:left\">\u25a0MC\u30ca\u30a4\u30ed\u30f3<\/b><\/td>\n<\/tr>\n<tr>\n<td bgcolor=\"#80ff80\" colspan=\"2\"><b>UWBJAB-100<\/b><\/td>\n<td bgcolor=\"#ffffff\">MC\u30ca\u30a4\u30ed\u30f3<\/td>\n<td align=\"center\" bgcolor=\"#ffffff\">B\/B\u5165<\/td>\n<td align=\"center\" bgcolor=\"#ffffff\" rowspan=\"5\">200<\/td>\n<td align=\"center\" bgcolor=\"#ffffff\" rowspan=\"5\">204.0<\/td>\n<td align=\"center\" bgcolor=\"#ffffff\" rowspan=\"3\">29<\/td>\n<td align=\"center\" bgcolor=\"#ffffff\" rowspan=\"5\">12<\/td>\n<td align=\"center\" bgcolor=\"#ffffff\" rowspan=\"5\">144<\/td>\n<td align=\"center\" bgcolor=\"#ffffff\" rowspan=\"5\">95\/95<\/td>\n<td align=\"center\" bgcolor=\"#ffffff\" rowspan=\"5\">71\/71<\/td>\n<td align=\"center\" bgcolor=\"#ffffff\" rowspan=\"5\">11<\/td>\n<td align=\"center\" bgcolor=\"#ffffff\" rowspan=\"5\">35<\/td>\n<td align=\"center\" bgcolor=\"#ffffff\">1,200<\/td>\n<\/tr>\n<tr>\n<td bgcolor=\"#80ff80\" colspan=\"2\"><b>UWBDJAB-100<\/b><\/td>\n<td bgcolor=\"#ffffff\">MC\u30ca\u30a4\u30ed\u30f3<\/td>\n<td align=\"center\" bgcolor=\"#ffffff\">SUS\u5165<\/td>\n<td align=\"center\" bgcolor=\"#ffffff\">1,200<\/td>\n<\/tr>\n<tr>\n<td bgcolor=\"#80ff80\" colspan=\"2\"><b>UWAJAB-100<\/b><\/td>\n<td bgcolor=\"#ffffff\">MC\u30ca\u30a4\u30ed\u30f3<\/td>\n<td align=\"center\" bgcolor=\"#ffffff\">\u3000\u3000\u3000<\/td>\n<td align=\"center\" bgcolor=\"#ffffff\">1,150<\/td>\n<\/tr>\n<tr>\n<td bgcolor=\"#80ff80\" colspan=\"2\"><b>UWBSJAB-100<\/b><\/td>\n<td bgcolor=\"#ffffff\">MC\u30ca\u30a4\u30ed\u30f3<\/td>\n<td align=\"center\" bgcolor=\"#ffffff\">B\/B\u5165<\/td>\n<td align=\"center\" bgcolor=\"#ffffff\" rowspan=\"2\">30<\/td>\n<td align=\"center\" bgcolor=\"#ffffff\">1,150<\/td>\n<\/tr>\n<tr>\n<td bgcolor=\"#80ff80\" colspan=\"2\"><b>UWBSDJAB-100<\/b><\/td>\n<td bgcolor=\"#ffffff\">MC\u30ca\u30a4\u30ed\u30f3<\/td>\n<td align=\"center\" bgcolor=\"#ffffff\">SUS\u5165<\/td>\n<td align=\"center\" bgcolor=\"#ffffff\">1,150<\/td>\n<\/tr>\n<tr>\n<td align=\"left\" bgcolor=\"#cccccc\" colspan=\"4\"><b style=\"text-align:left\">\u25a0\u92fc\u677f\u88fd\u30b4\u30e0<\/b><\/td>\n<td align=\"center\" bgcolor=\"#cccccc\" colspan=\"10\"><b><font color=\"#ff0000\">\u8eca\u8f2a\u672c\u4f53\u306f\u3001\u30b9\u30c6\u30f3\u30ec\u30b9\u88fd\u3067\u306f\u3042\u308a\u307e\u305b\u3093\u3002<\/font><\/b><\/td>\n<\/tr>\n<tr>\n<td bgcolor=\"#80ff80\" colspan=\"2\"><b>SJAB-100<\/b><\/td>\n<td bgcolor=\"#ffffff\">\u30b4\u30e0<\/td>\n<td align=\"center\" bgcolor=\"#ffffff\">B\/B\u5165<\/td>\n<td align=\"center\" bgcolor=\"#ffffff\">130<\/td>\n<td align=\"center\" bgcolor=\"#ffffff\">132.6<\/td>\n<td align=\"center\" bgcolor=\"#ffffff\" rowspan=\"3\">35<\/td>\n<td align=\"center\" bgcolor=\"#ffffff\" rowspan=\"3\">12<\/td>\n<td align=\"center\" bgcolor=\"#ffffff\" rowspan=\"3\">144<\/td>\n<td align=\"center\" bgcolor=\"#ffffff\" rowspan=\"3\">95\/95<\/td>\n<td align=\"center\" bgcolor=\"#ffffff\" rowspan=\"3\">71\/71<\/td>\n<td align=\"center\" bgcolor=\"#ffffff\" rowspan=\"3\">11<\/td>\n<td align=\"center\" bgcolor=\"#ffffff\" rowspan=\"3\">35<\/td>\n<td align=\"center\" bgcolor=\"#ffffff\">1,190<\/td>\n<\/tr>\n<tr>\n<td bgcolor=\"#80ff80\" colspan=\"2\"><b>SRJAB-100<\/b><\/td>\n<td bgcolor=\"#ffffff\">\u8d64\u30b4\u30e0<\/td>\n<td align=\"center\" bgcolor=\"#ffffff\">B\/B\u5165<\/td>\n<td align=\"center\" bgcolor=\"#ffffff\">100<\/td>\n<td align=\"center\" bgcolor=\"#ffffff\">102.0<\/td>\n<td align=\"center\" bgcolor=\"#ffffff\">1,190<\/td>\n<\/tr>\n<tr>\n<td bgcolor=\"#80ff80\" colspan=\"2\"><b>CRJAB-100<\/b><\/td>\n<td bgcolor=\"#ffffff\">\u8010\u71b1\u30b4\u30e0<\/td>\n<td align=\"center\" bgcolor=\"#ffffff\">B\/B\u5165<\/td>\n<td align=\"center\" bgcolor=\"#ffffff\">130<\/td>\n<td align=\"center\" bgcolor=\"#ffffff\">132.6<\/td>\n<td align=\"center\" bgcolor=\"#ffffff\">1,220<\/td>\n<\/tr>\n<tr>\n<td align=\"left\" bgcolor=\"#cccccc\" colspan=\"4\"><b style=\"text-align:left\">\u25a0\u92fc\u677f\u88fd\u30a6\u30ec\u30bf\u30f3\u30b4\u30e0<\/b><\/td>\n<td align=\"center\" bgcolor=\"#cccccc\" colspan=\"10\"><b><font color=\"#ff0000\">\u8eca\u8f2a\u672c\u4f53\u306f\u3001\u30b9\u30c6\u30f3\u30ec\u30b9\u88fd\u3067\u306f\u3042\u308a\u307e\u305b\u3093\u3002<\/font><\/b><\/td>\n<\/tr>\n<tr>\n<td bgcolor=\"#80ff80\" colspan=\"2\"><b>SUIJAB-100<\/b><\/td>\n<td bgcolor=\"#ffffff\">\u30a6\u30ec\u30bf\u30f3<\/td>\n<td align=\"center\" bgcolor=\"#ffffff\">B\/B\u5165<\/td>\n<td align=\"center\" bgcolor=\"#ffffff\" rowspan=\"2\">180<\/td>\n<td align=\"center\" bgcolor=\"#ffffff\" rowspan=\"2\">183.6<\/td>\n<td align=\"center\" bgcolor=\"#ffffff\" rowspan=\"2\">32<\/td>\n<td align=\"center\" bgcolor=\"#ffffff\" rowspan=\"2\">12<\/td>\n<td align=\"center\" bgcolor=\"#ffffff\" rowspan=\"2\">144<\/td>\n<td align=\"center\" bgcolor=\"#ffffff\" rowspan=\"2\">95\/95<\/td>\n<td align=\"center\" bgcolor=\"#ffffff\" rowspan=\"2\">71\/71<\/td>\n<td align=\"center\" bgcolor=\"#ffffff\" rowspan=\"2\">11<\/td>\n<td align=\"center\" bgcolor=\"#ffffff\" rowspan=\"2\">35<\/td>\n<td align=\"center\" bgcolor=\"#ffffff\">1,260<\/td>\n<\/tr>\n<tr>\n<td bgcolor=\"#ffb56a\" colspan=\"2\"><b>SUIEJAB-100<\/b><\/td>\n<td bgcolor=\"#ffb56a\">\u5e2f\u96fb\u9632\u6b62\u30a6\u30ec\u30bf\u30f3<\/td>\n<td align=\"center\" bgcolor=\"#ffb56a\">B\/B\u5165<\/td>\n<td align=\"center\" bgcolor=\"#ffffff\">1,260<\/td>\n<\/tr>\n<\/tbody>\n<\/table><\/div>","protected":false},"excerpt":{"rendered":"<p>\u30b5\u30a4\u30ba \u54c1\u3000\u3000\u3000\u756a \u8eca\u8f2a\u4ed5\u69d8 \u8ef8\u53d7 \u6700\u5927\u8377\u91cd \u30bf\u30a4\u30e4 \u5e45 \u30b7\u30e3\u30d5\u30c8 \u5f84 \u53d6\u4ed8 \u9ad8\u3055 \u30c8\u30c3\u30d7 \u30d7\u30ec\u30fc\u30c8 \u53d6\u4ed8\u7a74 \u30d4\u30c3\u30c1 \u53d6\u4ed8 \u7a74\u5f84 \u504f\u5fc3 \u81ea\u91cd (daN) (kgf) R D H1 F1\/F2 P1\/P2 d E (g) 100 \u25a0\u30ca\u30a4\u30ed\u30f3 PJAB-100 \u30ca\u30a4\u30ed\u30f3 \u3000 120 122.4 35 12 144 95\/95 71\/71 11 35 990 PBJAB-100 \u30ca\u30a4\u30ed\u30f3 B\/B\u5165 180 183.6 1050 PBDJAB-100 \u30ca\u30a4\u30ed\u30f3 SUS\u5165 1050 \u25a0\u6a39\u8102\u88fd\u30b4\u30e0&#8230;<\/p>","protected":false},"featured_media":756,"comment_status":"closed","ping_status":"closed","template":"","meta":[],"product_cat":[38],"product_tag":[],"class_list":["post-755","product","type-product","status-publish","has-post-thumbnail","hentry","product_cat-banh-xe-co-dinh-co-phanh-inox"],"_links":{"self":[{"href":"https:\/\/hdts-industry.com\/ko\/wp-json\/wp\/v2\/product\/755","targetHints":{"allow":["GET"]}}],"collection":[{"href":"https:\/\/hdts-industry.com\/ko\/wp-json\/wp\/v2\/product"}],"about":[{"href":"https:\/\/hdts-industry.com\/ko\/wp-json\/wp\/v2\/types\/product"}],"replies":[{"embeddable":true,"href":"https:\/\/hdts-industry.com\/ko\/wp-json\/wp\/v2\/comments?post=755"}],"wp:featuredmedia":[{"embeddable":true,"href":"https:\/\/hdts-industry.com\/ko\/wp-json\/wp\/v2\/media\/756"}],"wp:attachment":[{"href":"https:\/\/hdts-industry.com\/ko\/wp-json\/wp\/v2\/media?parent=755"}],"wp:term":[{"taxonomy":"product_cat","embeddable":true,"href":"https:\/\/hdts-industry.com\/ko\/wp-json\/wp\/v2\/product_cat?post=755"},{"taxonomy":"product_tag","embeddable":true,"href":"https:\/\/hdts-industry.com\/ko\/wp-json\/wp\/v2\/product_tag?post=755"}],"curies":[{"name":"wp","href":"https:\/\/api.w.org\/{rel}","templated":true}]}}