{"id":751,"date":"2024-11-06T10:39:57","date_gmt":"2024-11-06T10:39:57","guid":{"rendered":"https:\/\/hdts-industry.com\/san-pham\/banh-xe-xoay-co-phanh-o150-inox-jab-150"},"modified":"2024-11-06T10:40:14","modified_gmt":"2024-11-06T10:40:14","slug":"banh-xe-xoay-co-phanh-o150-inox-jab-150","status":"publish","type":"product","link":"https:\/\/hdts-industry.com\/ja\/product\/banh-xe-xoay-co-phanh-o150-inox-jab-150","title":{"rendered":"B\u00e1nh xe xoay, c\u00f3 phanh \u00d8150, Inox (JAB-150)"},"content":{"rendered":"<\/p>\n<div class=\"thongtinsanpham details-info\">\n<table class=\"table1\" style=\"border:undefined\">\n<tbody>\n<tr>\n<td align=\"center\" bgcolor=\"#62b0ff\" rowspan=\"2\">\u30b5\u30a4\u30ba<\/td>\n<td align=\"center\" bgcolor=\"#62b0ff\" colspan=\"2\" rowspan=\"3\">\u54c1\u3000\u3000\u3000\u756a<\/td>\n<td align=\"center\" bgcolor=\"#62b0ff\" rowspan=\"3\">\u8eca\u8f2a\u4ed5\u69d8<\/td>\n<td align=\"center\" bgcolor=\"#62b0ff\" rowspan=\"3\">\u8ef8\u53d7<\/td>\n<td align=\"center\" bgcolor=\"#62b0ff\" colspan=\"2\">\u6700\u5927\u8377\u91cd<\/td>\n<td align=\"center\" bgcolor=\"#62b0ff\" style=\"border-bottom-style:none\">\u30bf\u30a4\u30e4<br \/>\n\t\u5e45<\/td>\n<td align=\"center\" bgcolor=\"#62b0ff\" style=\"border-bottom-style:none\">\u30b7\u30e3\u30d5\u30c8<br \/>\n\t\u5f84<\/td>\n<td align=\"center\" bgcolor=\"#62b0ff\" style=\"border-bottom-style:none\">\u53d6\u4ed8<br \/>\n\t\u9ad8\u3055<\/td>\n<td align=\"center\" bgcolor=\"#62b0ff\" style=\"border-bottom-style:none\">\u30c8\u30c3\u30d7<br \/>\n\t\u30d7\u30ec\u30fc\u30c8<\/td>\n<td align=\"center\" bgcolor=\"#62b0ff\" style=\"border-bottom-style:none\">\u53d6\u4ed8\u7a74<br \/>\n\t\u30d4\u30c3\u30c1<\/td>\n<td align=\"center\" bgcolor=\"#62b0ff\" style=\"border-bottom-style:none\">\u53d6\u4ed8<br \/>\n\t\u7a74\u5f84<\/td>\n<td align=\"center\" bgcolor=\"#62b0ff\" style=\"border-bottom-style:none\">\u504f\u5fc3<\/td>\n<td align=\"center\" bgcolor=\"#62b0ff\" style=\"border-bottom-style:none\">\u81ea\u91cd<\/td>\n<\/tr>\n<tr>\n<td bgcolor=\"#62b0ff\">(daN)<\/td>\n<td bgcolor=\"#62b0ff\">(kgf)<\/td>\n<td align=\"center\" bgcolor=\"#62b0ff\" style=\"border-top-style:none\">R<\/td>\n<td align=\"center\" bgcolor=\"#62b0ff\" style=\"border-top-style:none\">D<\/td>\n<td align=\"center\" bgcolor=\"#62b0ff\" style=\"border-top-style:none\">H1<\/td>\n<td align=\"center\" bgcolor=\"#62b0ff\" style=\"border-top-style:none\">F1\/F2<\/td>\n<td align=\"center\" bgcolor=\"#62b0ff\" style=\"border-top-style:none\">P1\/P2<\/td>\n<td align=\"center\" bgcolor=\"#62b0ff\" style=\"border-top-style:none\">d<\/td>\n<td align=\"center\" bgcolor=\"#62b0ff\" style=\"border-top-style:none\">E<\/td>\n<td align=\"center\" bgcolor=\"#62b0ff\" style=\"border-top-style:none\">(g)<\/td>\n<\/tr>\n<tr>\n<td bgcolor=\"#62b0ff\"><img decoding=\"async\" src=\"http:\/\/www.gifusanken.com\/cataj0701\/mark\/size.png\" style=\"width:40px; height:54px\"><\/td>\n<td align=\"center\" bgcolor=\"#62b0ff\" colspan=\"2\"><img decoding=\"async\" src=\"http:\/\/www.gifusanken.com\/cataj0701\/mark\/maxweight_sj.png\" style=\"width:43px; height:54px\"><\/td>\n<td align=\"center\" bgcolor=\"#62b0ff\"><img decoding=\"async\" src=\"http:\/\/www.gifusanken.com\/cataj0701\/mark\/widthr.png\" style=\"width:37px; height:54px\"><\/td>\n<td align=\"center\" bgcolor=\"#62b0ff\">\n\t<img decoding=\"async\" align=\"bottom\" src=\"http:\/\/www.gifusanken.com\/cataj0701\/mark\/shaftd.png\" style=\"width:43px; height:37px\"><\/td>\n<td align=\"center\" bgcolor=\"#62b0ff\">\n\t<img decoding=\"async\" src=\"http:\/\/www.gifusanken.com\/cataj0701\/mark\/heighth_h1.png\" style=\"width:43px; height:33px\"><\/td>\n<td align=\"center\" bgcolor=\"#62b0ff\"><img decoding=\"async\" src=\"http:\/\/www.gifusanken.com\/cataj0701\/mark\/topplate_f1f2.png\" style=\"width:43px; height:51px\"><\/td>\n<td align=\"center\" bgcolor=\"#62b0ff\"><img decoding=\"async\" src=\"http:\/\/www.gifusanken.com\/cataj0701\/mark\/pitch_p1p2.png\" style=\"width:38px; height:47px\"><\/td>\n<td align=\"center\" bgcolor=\"#62b0ff\"><img decoding=\"async\" src=\"http:\/\/www.gifusanken.com\/cataj0701\/mark\/torituke_d.png\" style=\"width:43px; height:51px\"><\/td>\n<td align=\"center\" bgcolor=\"#62b0ff\"><img decoding=\"async\" src=\"http:\/\/www.gifusanken.com\/cataj0701\/mark\/hensin_e.png\" style=\"width:33px; height:47px\"><\/td>\n<td align=\"center\" bgcolor=\"#62b0ff\"><img decoding=\"async\" src=\"http:\/\/www.gifusanken.com\/cataj0701\/mark\/weight.png\" style=\"width:21px; height:50px\"><\/td>\n<\/tr>\n<tr>\n<td align=\"center\" bgcolor=\"#80ff80\" rowspan=\"25\">150<\/td>\n<td align=\"left\" bgcolor=\"#cccccc\" colspan=\"14\"><b style=\"text-align:left\">\u25a0\u30ca\u30a4\u30ed\u30f3<\/b><\/td>\n<\/tr>\n<tr>\n<td bgcolor=\"#80ff80\" colspan=\"2\"><b>PJAB-150<\/b><\/td>\n<td bgcolor=\"#ffffff\">\u30ca\u30a4\u30ed\u30f3<\/td>\n<td align=\"center\" bgcolor=\"#ffffff\">\u3000<\/td>\n<td align=\"center\" bgcolor=\"#ffffff\">180<\/td>\n<td align=\"center\" bgcolor=\"#ffffff\">183.6<\/td>\n<td align=\"center\" bgcolor=\"#ffffff\" rowspan=\"3\">45<\/td>\n<td align=\"center\" bgcolor=\"#ffffff\" rowspan=\"3\">20<\/td>\n<td align=\"center\" bgcolor=\"#ffffff\" rowspan=\"3\">198<\/td>\n<td align=\"center\" bgcolor=\"#ffffff\" rowspan=\"3\">120\/120<\/td>\n<td align=\"center\" bgcolor=\"#ffffff\" rowspan=\"3\">90\/90<\/td>\n<td align=\"center\" bgcolor=\"#ffffff\" rowspan=\"3\">11<\/td>\n<td align=\"center\" bgcolor=\"#ffffff\" rowspan=\"3\">45<\/td>\n<td align=\"center\" bgcolor=\"#ffffff\">2,080<\/td>\n<\/tr>\n<tr>\n<td bgcolor=\"#80ff80\" colspan=\"2\"><b>PBJAB-150<\/b><\/td>\n<td bgcolor=\"#ffffff\">\u30ca\u30a4\u30ed\u30f3<\/td>\n<td align=\"center\" bgcolor=\"#ffffff\">B\/B\u5165<\/td>\n<td align=\"center\" bgcolor=\"#ffffff\" rowspan=\"2\">300<\/td>\n<td align=\"center\" bgcolor=\"#ffffff\" rowspan=\"2\">306.0<\/td>\n<td align=\"center\" bgcolor=\"#ffffff\">2,320<\/td>\n<\/tr>\n<tr>\n<td bgcolor=\"#80ff80\" colspan=\"2\"><b>PBDJAB-150<\/b><\/td>\n<td bgcolor=\"#ffffff\">\u30ca\u30a4\u30ed\u30f3<\/td>\n<td align=\"center\" bgcolor=\"#ffffff\">SUS\u5165<\/td>\n<td align=\"center\" bgcolor=\"#ffffff\">2,320<\/td>\n<\/tr>\n<tr>\n<td align=\"left\" bgcolor=\"#cccccc\" colspan=\"14\"><b style=\"text-align:left\">\u25a0\u6a39\u8102\u88fd\u30b4\u30e0<\/b><\/td>\n<\/tr>\n<tr>\n<td bgcolor=\"#80ff80\" colspan=\"2\"><b>PNJAB-150<\/b><\/td>\n<td bgcolor=\"#ffffff\">\u30b4\u30e0<\/td>\n<td align=\"center\" bgcolor=\"#ffffff\">B\/B\u5165<\/td>\n<td align=\"center\" bgcolor=\"#ffffff\" rowspan=\"2\">175<\/td>\n<td align=\"center\" bgcolor=\"#ffffff\" rowspan=\"2\">178.5<\/td>\n<td align=\"center\" bgcolor=\"#ffffff\" rowspan=\"3\">38<\/td>\n<td align=\"center\" bgcolor=\"#ffffff\" rowspan=\"3\">20<\/td>\n<td align=\"center\" bgcolor=\"#ffffff\" rowspan=\"3\">198<\/td>\n<td align=\"center\" bgcolor=\"#ffffff\" rowspan=\"3\">120\/120<\/td>\n<td align=\"center\" bgcolor=\"#ffffff\" rowspan=\"3\">90\/90<\/td>\n<td align=\"center\" bgcolor=\"#ffffff\" rowspan=\"3\">11<\/td>\n<td align=\"center\" bgcolor=\"#ffffff\" rowspan=\"3\">45<\/td>\n<td align=\"center\" bgcolor=\"#ffffff\">2,340<\/td>\n<\/tr>\n<tr>\n<td bgcolor=\"#80ff80\" colspan=\"2\"><b>PNDJAB-150<\/b><\/td>\n<td bgcolor=\"#ffffff\">\u30b4\u30e0<\/td>\n<td align=\"center\" bgcolor=\"#ffffff\">SUS\u5165<\/td>\n<td align=\"center\" bgcolor=\"#ffffff\">2,340<\/td>\n<\/tr>\n<tr>\n<td bgcolor=\"#80ff80\" colspan=\"2\"><b>PNAJAB-150<\/b><\/td>\n<td bgcolor=\"#ffffff\">\u30b4\u30e0<\/td>\n<td align=\"center\" bgcolor=\"#ffffff\">\u3000<\/td>\n<td align=\"center\" bgcolor=\"#ffffff\">140<\/td>\n<td align=\"center\" bgcolor=\"#ffffff\">142.8<\/td>\n<td align=\"center\" bgcolor=\"#ffffff\">2,180<\/td>\n<\/tr>\n<tr>\n<td align=\"left\" bgcolor=\"#cccccc\" colspan=\"14\"><b style=\"text-align:left\">\u25a0\u6a39\u8102\u88fd\u30a6\u30ec\u30bf\u30f3\u30b4\u30e0<\/b><\/td>\n<\/tr>\n<tr>\n<td bgcolor=\"#80ff80\" colspan=\"2\"><b>PNUJAB-150<\/b><\/td>\n<td bgcolor=\"#ffffff\">\u30a6\u30ec\u30bf\u30f3<\/td>\n<td align=\"center\" bgcolor=\"#ffffff\">B\/B\u5165<\/td>\n<td align=\"center\" bgcolor=\"#ffffff\" rowspan=\"2\">250<\/td>\n<td align=\"center\" bgcolor=\"#ffffff\" rowspan=\"2\">255.0<\/td>\n<td align=\"center\" bgcolor=\"#ffffff\" rowspan=\"3\">38<\/td>\n<td align=\"center\" bgcolor=\"#ffffff\" rowspan=\"3\">20<\/td>\n<td align=\"center\" bgcolor=\"#ffffff\" rowspan=\"3\">198<\/td>\n<td align=\"center\" bgcolor=\"#ffffff\" rowspan=\"3\">120\/120<\/td>\n<td align=\"center\" bgcolor=\"#ffffff\" rowspan=\"3\">90\/90<\/td>\n<td align=\"center\" bgcolor=\"#ffffff\" rowspan=\"3\">11<\/td>\n<td align=\"center\" bgcolor=\"#ffffff\" rowspan=\"3\">45<\/td>\n<td align=\"center\" bgcolor=\"#ffffff\">2,300<\/td>\n<\/tr>\n<tr>\n<td bgcolor=\"#80ff80\" colspan=\"2\"><b>PNUDJAB-150<\/b><\/td>\n<td bgcolor=\"#ffffff\">\u30a6\u30ec\u30bf\u30f3<\/td>\n<td align=\"center\" bgcolor=\"#ffffff\">SUS\u5165<\/td>\n<td align=\"center\" bgcolor=\"#ffffff\">2,300<\/td>\n<\/tr>\n<tr>\n<td bgcolor=\"#80ff80\" colspan=\"2\"><b>PNUAJAB-150<\/b><\/td>\n<td bgcolor=\"#ffffff\">\u30a6\u30ec\u30bf\u30f3<\/td>\n<td align=\"center\" bgcolor=\"#ffffff\">\u3000\u3000\u3000<\/td>\n<td align=\"center\" bgcolor=\"#ffffff\">150<\/td>\n<td align=\"center\" bgcolor=\"#ffffff\">153.0<\/td>\n<td align=\"center\" bgcolor=\"#ffffff\">2,110<\/td>\n<\/tr>\n<tr>\n<td align=\"left\" bgcolor=\"#cccccc\" colspan=\"14\"><b style=\"text-align:left\">\u25a0MC\u30ca\u30a4\u30ed\u30f3<\/b><\/td>\n<\/tr>\n<tr>\n<td bgcolor=\"#80ff80\" colspan=\"2\"><b>UWBJAB-150<\/b><\/td>\n<td bgcolor=\"#ffffff\">MC\u30ca\u30a4\u30ed\u30f3<\/td>\n<td align=\"center\" bgcolor=\"#ffffff\">B\/B\u5165<\/td>\n<td align=\"center\" bgcolor=\"#ffffff\" rowspan=\"5\">350<\/td>\n<td align=\"center\" bgcolor=\"#ffffff\" rowspan=\"5\">357.0<\/td>\n<td align=\"center\" bgcolor=\"#ffffff\" rowspan=\"3\">40<\/td>\n<td align=\"center\" bgcolor=\"#ffffff\" rowspan=\"5\">20<\/td>\n<td align=\"center\" bgcolor=\"#ffffff\" rowspan=\"5\">198<\/td>\n<td align=\"center\" bgcolor=\"#ffffff\" rowspan=\"5\">120\/120<\/td>\n<td align=\"center\" bgcolor=\"#ffffff\" rowspan=\"5\">90\/90<\/td>\n<td align=\"center\" bgcolor=\"#ffffff\" rowspan=\"5\">11<\/td>\n<td align=\"center\" bgcolor=\"#ffffff\" rowspan=\"5\">45<\/td>\n<td align=\"center\" bgcolor=\"#ffffff\">2,760<\/td>\n<\/tr>\n<tr>\n<td bgcolor=\"#80ff80\" colspan=\"2\"><b>UWBDJAB-150<\/b><\/td>\n<td bgcolor=\"#ffffff\">MC\u30ca\u30a4\u30ed\u30f3<\/td>\n<td align=\"center\" bgcolor=\"#ffffff\">SUS\u5165<\/td>\n<td align=\"center\" bgcolor=\"#ffffff\">2,760<\/td>\n<\/tr>\n<tr>\n<td bgcolor=\"#80ff80\" colspan=\"2\"><b>UWAJAB-150<\/b><\/td>\n<td bgcolor=\"#ffffff\">MC\u30ca\u30a4\u30ed\u30f3<\/td>\n<td align=\"center\" bgcolor=\"#ffffff\">\u3000\u3000\u3000<\/td>\n<td align=\"center\" bgcolor=\"#ffffff\">2,610<\/td>\n<\/tr>\n<tr>\n<td bgcolor=\"#80ff80\" colspan=\"2\"><b>UWBSJAB-150<\/b><\/td>\n<td bgcolor=\"#ffffff\">MC\u30ca\u30a4\u30ed\u30f3<\/td>\n<td align=\"center\" bgcolor=\"#ffffff\">B\/B\u5165<\/td>\n<td align=\"center\" bgcolor=\"#ffffff\" rowspan=\"2\">30<\/td>\n<td align=\"center\" bgcolor=\"#ffffff\">2,360<\/td>\n<\/tr>\n<tr>\n<td bgcolor=\"#80ff80\" colspan=\"2\"><b>UWBSDJAB-150<\/b><\/td>\n<td bgcolor=\"#ffffff\">MC\u30ca\u30a4\u30ed\u30f3<\/td>\n<td align=\"center\" bgcolor=\"#ffffff\">SUS\u5165<\/td>\n<td align=\"center\" bgcolor=\"#ffffff\">2,360<\/td>\n<\/tr>\n<tr>\n<td align=\"left\" bgcolor=\"#cccccc\" colspan=\"4\"><b style=\"text-align:left\">\u25a0\u92fc\u677f\u88fd\u30b4\u30e0<\/b><\/td>\n<td align=\"center\" bgcolor=\"#cccccc\" colspan=\"10\"><b><font color=\"#ff0000\">\u8eca\u8f2a\u672c\u4f53\u306f\u3001\u30b9\u30c6\u30f3\u30ec\u30b9\u88fd\u3067\u306f\u3042\u308a\u307e\u305b\u3093\u3002<\/font><\/b><\/td>\n<\/tr>\n<tr>\n<td bgcolor=\"#80ff80\" colspan=\"2\"><b>SJAB-150<\/b><\/td>\n<td bgcolor=\"#ffffff\">\u30b4\u30e0<\/td>\n<td align=\"center\" bgcolor=\"#ffffff\">B\/B\u5165<\/td>\n<td align=\"center\" bgcolor=\"#ffffff\">200<\/td>\n<td align=\"center\" bgcolor=\"#ffffff\">204.0<\/td>\n<td align=\"center\" bgcolor=\"#ffffff\" rowspan=\"3\">45<\/td>\n<td align=\"center\" bgcolor=\"#ffffff\" rowspan=\"3\">20<\/td>\n<td align=\"center\" bgcolor=\"#ffffff\" rowspan=\"3\">198<\/td>\n<td align=\"center\" bgcolor=\"#ffffff\" rowspan=\"3\">120\/120<\/td>\n<td align=\"center\" bgcolor=\"#ffffff\" rowspan=\"3\">90\/90<\/td>\n<td align=\"center\" bgcolor=\"#ffffff\" rowspan=\"3\">11<\/td>\n<td align=\"center\" bgcolor=\"#ffffff\" rowspan=\"3\">45<\/td>\n<td align=\"center\" bgcolor=\"#ffffff\">2,630<\/td>\n<\/tr>\n<tr>\n<td bgcolor=\"#80ff80\" colspan=\"2\"><b>SRJAB-150<\/b><\/td>\n<td bgcolor=\"#ffffff\">\u8d64\u30b4\u30e0<\/td>\n<td align=\"center\" bgcolor=\"#ffffff\">B\/B\u5165<\/td>\n<td align=\"center\" bgcolor=\"#ffffff\">160<\/td>\n<td align=\"center\" bgcolor=\"#ffffff\">163.2<\/td>\n<td align=\"center\" bgcolor=\"#ffffff\">2,630<\/td>\n<\/tr>\n<tr>\n<td bgcolor=\"#80ff80\" colspan=\"2\"><b>CRJAB-150<\/b><\/td>\n<td bgcolor=\"#ffffff\">\u8010\u71b1\u30b4\u30e0<\/td>\n<td align=\"center\" bgcolor=\"#ffffff\">B\/B\u5165<\/td>\n<td align=\"center\" bgcolor=\"#ffffff\">200<\/td>\n<td align=\"center\" bgcolor=\"#ffffff\">204.0<\/td>\n<td align=\"center\" bgcolor=\"#ffffff\">2,670<\/td>\n<\/tr>\n<tr>\n<td align=\"left\" bgcolor=\"#cccccc\" colspan=\"4\"><b style=\"text-align:left\">\u25a0\u92fc\u677f\u88fd\u30a6\u30ec\u30bf\u30f3\u30b4\u30e0<\/b><\/td>\n<td align=\"center\" bgcolor=\"#cccccc\" colspan=\"10\"><b><font color=\"#ff0000\">\u8eca\u8f2a\u672c\u4f53\u306f\u3001\u30b9\u30c6\u30f3\u30ec\u30b9\u88fd\u3067\u306f\u3042\u308a\u307e\u305b\u3093\u3002<\/font><\/b><\/td>\n<\/tr>\n<tr>\n<td bgcolor=\"#80ff80\" colspan=\"2\"><b>SUIJAB-150<\/b><\/td>\n<td bgcolor=\"#ffffff\">\u30a6\u30ec\u30bf\u30f3<\/td>\n<td align=\"center\" bgcolor=\"#ffffff\">B\/B\u5165<\/td>\n<td align=\"center\" bgcolor=\"#ffffff\" rowspan=\"2\">300<\/td>\n<td align=\"center\" bgcolor=\"#ffffff\" rowspan=\"2\">306.0<\/td>\n<td align=\"center\" bgcolor=\"#ffffff\" rowspan=\"2\">38<\/td>\n<td align=\"center\" bgcolor=\"#ffffff\" rowspan=\"2\">20<\/td>\n<td align=\"center\" bgcolor=\"#ffffff\" rowspan=\"2\">198<\/td>\n<td align=\"center\" bgcolor=\"#ffffff\" rowspan=\"2\">120\/120<\/td>\n<td align=\"center\" bgcolor=\"#ffffff\" rowspan=\"2\">90\/90<\/td>\n<td align=\"center\" bgcolor=\"#ffffff\" rowspan=\"2\">11<\/td>\n<td align=\"center\" bgcolor=\"#ffffff\" rowspan=\"2\">45<\/td>\n<td align=\"center\" bgcolor=\"#ffffff\">2,820<\/td>\n<\/tr>\n<tr>\n<td bgcolor=\"#ffb56a\" colspan=\"2\"><b>SUIEJAB-150<\/b><\/td>\n<td bgcolor=\"#ffb56a\">\u5e2f\u96fb\u9632\u6b62\u30a6\u30ec\u30bf\u30f3<\/td>\n<td align=\"center\" bgcolor=\"#ffb56a\">B\/B\u5165<\/td>\n<td align=\"center\" bgcolor=\"#ffffff\">2,820<\/td>\n<\/tr>\n<\/tbody>\n<\/table><\/div>","protected":false},"excerpt":{"rendered":"<p>\u30b5\u30a4\u30ba \u54c1\u3000\u3000\u3000\u756a \u8eca\u8f2a\u4ed5\u69d8 \u8ef8\u53d7 \u6700\u5927\u8377\u91cd \u30bf\u30a4\u30e4 \u5e45 \u30b7\u30e3\u30d5\u30c8 \u5f84 \u53d6\u4ed8 \u9ad8\u3055 \u30c8\u30c3\u30d7 \u30d7\u30ec\u30fc\u30c8 \u53d6\u4ed8\u7a74 \u30d4\u30c3\u30c1 \u53d6\u4ed8 \u7a74\u5f84 \u504f\u5fc3 \u81ea\u91cd (daN) (kgf) R D H1 F1\/F2 P1\/P2 d E (g) 150 \u25a0\u30ca\u30a4\u30ed\u30f3 PJAB-150 \u30ca\u30a4\u30ed\u30f3 \u3000 180 183.6 45 20 198 120\/120 90\/90 11 45 2,080 PBJAB-150 \u30ca\u30a4\u30ed\u30f3 B\/B\u5165 300 306.0 2,320 PBDJAB-150 \u30ca\u30a4\u30ed\u30f3 SUS\u5165 2,320 \u25a0\u6a39\u8102\u88fd\u30b4\u30e0 PNJAB-150 \u30b4\u30e0 B\/B\u5165 175 178.5 38 20 198 120\/120 90\/90 11 45 2,340 PNDJAB-150 \u30b4\u30e0 SUS\u5165 2,340 PNAJAB-150 \u30b4\u30e0 \u3000 140 142.8 2,180 \u25a0\u6a39\u8102\u88fd\u30a6\u30ec\u30bf\u30f3\u30b4\u30e0 PNUJAB-150 \u30a6\u30ec\u30bf\u30f3 B\/B\u5165 250 255.0 38 20 198 120\/120 90\/90 11 45 2,300 PNUDJAB-150 \u30a6\u30ec\u30bf\u30f3 SUS\u5165 2,300 PNUAJAB-150 \u30a6\u30ec\u30bf\u30f3 \u3000\u3000\u3000 150 153.0 2,110 \u25a0MC\u30ca\u30a4\u30ed\u30f3 UWBJAB-150 MC\u30ca\u30a4\u30ed\u30f3 B\/B\u5165 350 357.0 40 20&#8230;<\/p>","protected":false},"featured_media":752,"comment_status":"closed","ping_status":"closed","template":"","meta":[],"product_cat":[38],"product_tag":[],"class_list":["post-751","product","type-product","status-publish","has-post-thumbnail","hentry","product_cat-banh-xe-co-dinh-co-phanh-inox"],"_links":{"self":[{"href":"https:\/\/hdts-industry.com\/ja\/wp-json\/wp\/v2\/product\/751","targetHints":{"allow":["GET"]}}],"collection":[{"href":"https:\/\/hdts-industry.com\/ja\/wp-json\/wp\/v2\/product"}],"about":[{"href":"https:\/\/hdts-industry.com\/ja\/wp-json\/wp\/v2\/types\/product"}],"replies":[{"embeddable":true,"href":"https:\/\/hdts-industry.com\/ja\/wp-json\/wp\/v2\/comments?post=751"}],"wp:featuredmedia":[{"embeddable":true,"href":"https:\/\/hdts-industry.com\/ja\/wp-json\/wp\/v2\/media\/752"}],"wp:attachment":[{"href":"https:\/\/hdts-industry.com\/ja\/wp-json\/wp\/v2\/media?parent=751"}],"wp:term":[{"taxonomy":"product_cat","embeddable":true,"href":"https:\/\/hdts-industry.com\/ja\/wp-json\/wp\/v2\/product_cat?post=751"},{"taxonomy":"product_tag","embeddable":true,"href":"https:\/\/hdts-industry.com\/ja\/wp-json\/wp\/v2\/product_tag?post=751"}],"curies":[{"name":"wp","href":"https:\/\/api.w.org\/{rel}","templated":true}]}}