{"id":741,"date":"2024-11-06T10:37:45","date_gmt":"2024-11-06T10:37:45","guid":{"rendered":"https:\/\/hdts-industry.com\/san-pham\/banh-xe-xoay-co-phanh-o200-jb-200"},"modified":"2024-11-06T10:38:02","modified_gmt":"2024-11-06T10:38:02","slug":"banh-xe-xoay-co-phanh-o200-jb-200","status":"publish","type":"product","link":"https:\/\/hdts-industry.com\/ja\/product\/banh-xe-xoay-co-phanh-o200-jb-200","title":{"rendered":"B\u00e1nh xe xoay, c\u00f3 phanh \u00d8200 (JB-200)"},"content":{"rendered":"<\/p>\n<div class=\"thongtinsanpham details-info\">\n<table class=\"table1\">\n<tbody>\n<tr>\n<td align=\"center\" bgcolor=\"#62b0ff\" rowspan=\"2\">\u30b5\u30a4\u30ba<\/td>\n<td align=\"center\" bgcolor=\"#62b0ff\" colspan=\"2\" rowspan=\"3\">\u54c1\u3000\u3000\u3000\u756a<\/td>\n<td align=\"center\" bgcolor=\"#62b0ff\" rowspan=\"3\">\u8eca\u8f2a\u4ed5\u69d8<\/td>\n<td align=\"center\" bgcolor=\"#62b0ff\" rowspan=\"3\">\u8ef8\u53d7<\/td>\n<td align=\"center\" bgcolor=\"#62b0ff\" colspan=\"2\">\u6700\u5927\u8377\u91cd<\/td>\n<td align=\"center\" bgcolor=\"#62b0ff\" style=\"border-bottom-style : none;\">\u30bf\u30a4\u30e4<br \/>\n\t\u5e45<\/td>\n<td align=\"center\" bgcolor=\"#62b0ff\" style=\"border-bottom-style : none;\">\u30b7\u30e3\u30d5\u30c8<br \/>\n\t\u5f84<\/td>\n<td align=\"center\" bgcolor=\"#62b0ff\" style=\"border-bottom-style : none;\">\u53d6\u4ed8<br \/>\n\t\u9ad8\u3055<\/td>\n<td align=\"center\" bgcolor=\"#62b0ff\" style=\"border-bottom-style : none;\">\u30c8\u30c3\u30d7<br \/>\n\t\u30d7\u30ec\u30fc\u30c8<\/td>\n<td align=\"center\" bgcolor=\"#62b0ff\" style=\"border-bottom-style : none;\">\u53d6\u4ed8\u7a74<br \/>\n\t\u30d4\u30c3\u30c1<\/td>\n<td align=\"center\" bgcolor=\"#62b0ff\" style=\"border-bottom-style : none;\">\u53d6\u4ed8<br \/>\n\t\u7a74\u5f84<\/td>\n<td align=\"center\" bgcolor=\"#62b0ff\" style=\"border-bottom-style : none;\">\u504f\u5fc3<\/td>\n<td align=\"center\" bgcolor=\"#62b0ff\" style=\"border-bottom-style : none;\">\u81ea\u91cd<\/td>\n<\/tr>\n<tr>\n<td bgcolor=\"#62b0ff\">(daN)<\/td>\n<td bgcolor=\"#62b0ff\">(kgf)<\/td>\n<td align=\"center\" bgcolor=\"#62b0ff\" style=\"border-top-style : none;\">R<\/td>\n<td align=\"center\" bgcolor=\"#62b0ff\" style=\"border-top-style : none;\">D<\/td>\n<td align=\"center\" bgcolor=\"#62b0ff\" style=\"border-top-style : none;\">H1<\/td>\n<td align=\"center\" bgcolor=\"#62b0ff\" style=\"border-top-style : none;\">F1\/F2<\/td>\n<td align=\"center\" bgcolor=\"#62b0ff\" style=\"border-top-style : none;\">P1\/P2<\/td>\n<td align=\"center\" bgcolor=\"#62b0ff\" style=\"border-top-style : none;\">d<\/td>\n<td align=\"center\" bgcolor=\"#62b0ff\" style=\"border-top-style : none;\">E<\/td>\n<td align=\"center\" bgcolor=\"#62b0ff\" style=\"border-top-style : none;\">(g)<\/td>\n<\/tr>\n<tr>\n<td bgcolor=\"#62b0ff\"><img decoding=\"async\" border=\"0\" height=\"54\" src=\"http:\/\/www.gifusanken.com\/cataj0701\/mark\/size.png\" width=\"40\"><\/td>\n<td align=\"center\" bgcolor=\"#62b0ff\" colspan=\"2\"><img decoding=\"async\" border=\"0\" height=\"54\" src=\"http:\/\/www.gifusanken.com\/cataj0701\/mark\/maxweight_sj.png\" width=\"43\"><\/td>\n<td align=\"center\" bgcolor=\"#62b0ff\"><img decoding=\"async\" border=\"0\" height=\"54\" src=\"http:\/\/www.gifusanken.com\/cataj0701\/mark\/widthr.png\" width=\"37\"><\/td>\n<td align=\"center\" bgcolor=\"#62b0ff\">\n\t<img decoding=\"async\" align=\"bottom\" border=\"0\" height=\"37\" src=\"http:\/\/www.gifusanken.com\/cataj0701\/mark\/shaftd.png\" width=\"43\"><\/td>\n<td align=\"center\" bgcolor=\"#62b0ff\">\n\t<img decoding=\"async\" border=\"0\" height=\"33\" src=\"http:\/\/www.gifusanken.com\/cataj0701\/mark\/heighth_h1.png\" width=\"43\"><\/td>\n<td align=\"center\" bgcolor=\"#62b0ff\"><img decoding=\"async\" border=\"0\" height=\"51\" src=\"http:\/\/www.gifusanken.com\/cataj0701\/mark\/topplate_f1f2.png\" width=\"43\"><\/td>\n<td align=\"center\" bgcolor=\"#62b0ff\"><img decoding=\"async\" border=\"0\" height=\"47\" src=\"http:\/\/www.gifusanken.com\/cataj0701\/mark\/pitch_p1p2.png\" width=\"38\"><\/td>\n<td align=\"center\" bgcolor=\"#62b0ff\"><img decoding=\"async\" border=\"0\" height=\"51\" src=\"http:\/\/www.gifusanken.com\/cataj0701\/mark\/torituke_d.png\" width=\"43\"><\/td>\n<td align=\"center\" bgcolor=\"#62b0ff\"><img decoding=\"async\" border=\"0\" height=\"47\" src=\"http:\/\/www.gifusanken.com\/cataj0701\/mark\/hensin_e.png\" width=\"33\"><\/td>\n<td align=\"center\" bgcolor=\"#62b0ff\"><img decoding=\"async\" border=\"0\" height=\"50\" src=\"http:\/\/www.gifusanken.com\/cataj0701\/mark\/weight.png\" width=\"21\"><\/td>\n<\/tr>\n<tr>\n<td align=\"center\" bgcolor=\"#80ff80\" rowspan=\"27\">200<\/td>\n<td bgcolor=\"#cccccc\" colspan=\"14\"><b>\u25a0\u92fc\u677f\u88fd\u30b4\u30e0<\/b><\/td>\n<\/tr>\n<tr>\n<td bgcolor=\"#80ff80\" colspan=\"2\"><b>SJB-200<\/b><\/td>\n<td bgcolor=\"#ffffff\">\u30b4\u30e0<\/td>\n<td align=\"center\" bgcolor=\"#ffffff\">B\/B\u5165<\/td>\n<td align=\"center\" bgcolor=\"#ffffff\">250<\/td>\n<td align=\"center\" bgcolor=\"#ffffff\">255.0<\/td>\n<td align=\"center\" bgcolor=\"#ffffff\" rowspan=\"4\">45<\/td>\n<td align=\"center\" bgcolor=\"#ffffff\" rowspan=\"4\">20<\/td>\n<td align=\"center\" bgcolor=\"#ffffff\" rowspan=\"4\">250<\/td>\n<td align=\"center\" bgcolor=\"#ffffff\" rowspan=\"4\">140\/140<\/td>\n<td align=\"center\" bgcolor=\"#ffffff\" rowspan=\"4\">112\/112<\/td>\n<td align=\"center\" bgcolor=\"#ffffff\" rowspan=\"4\">11<\/td>\n<td align=\"center\" bgcolor=\"#ffffff\" rowspan=\"4\">58<\/td>\n<td align=\"center\" bgcolor=\"#ffffff\">4,240<\/td>\n<\/tr>\n<tr>\n<td bgcolor=\"#80ff80\" colspan=\"2\"><b>SRJB-200<\/b><\/td>\n<td bgcolor=\"#ffffff\">\u8d64\u30b4\u30e0<\/td>\n<td align=\"center\" bgcolor=\"#ffffff\">B\/B\u5165<\/td>\n<td align=\"center\" bgcolor=\"#ffffff\">200<\/td>\n<td align=\"center\" bgcolor=\"#ffffff\">204.0<\/td>\n<td align=\"center\" bgcolor=\"#ffffff\">4,240<\/td>\n<\/tr>\n<tr>\n<td bgcolor=\"#80ff80\" colspan=\"2\"><b>SHJB-200<\/b><\/td>\n<td bgcolor=\"#ffffff\">\u9ad8\u53cd\u767a\u30b4\u30e0<\/td>\n<td align=\"center\" bgcolor=\"#ffffff\">B\/B\u5165<\/td>\n<td align=\"center\" bgcolor=\"#ffffff\" rowspan=\"2\">250<\/td>\n<td align=\"center\" bgcolor=\"#ffffff\" rowspan=\"2\">255.0<\/td>\n<td align=\"center\" bgcolor=\"#ffffff\">4,240<\/td>\n<\/tr>\n<tr>\n<td bgcolor=\"#80ff80\" colspan=\"2\"><b>CRJB-200<\/b><\/td>\n<td bgcolor=\"#ffffff\">\u8010\u71b1\u30b4\u30e0<\/td>\n<td align=\"center\" bgcolor=\"#ffffff\">B\/B\u5165<\/td>\n<td align=\"center\" bgcolor=\"#ffffff\">4,320<\/td>\n<\/tr>\n<tr>\n<td bgcolor=\"#cccccc\" colspan=\"14\"><b>\u25a0\u92fc\u677f\u88fd\u30a6\u30ec\u30bf\u30f3\u30b4\u30e0<\/b><\/td>\n<\/tr>\n<tr>\n<td bgcolor=\"#80ff80\" colspan=\"2\"><b>SUIJB-200<\/b><\/td>\n<td bgcolor=\"#ffffff\">\u30a6\u30ec\u30bf\u30f3<\/td>\n<td align=\"center\" bgcolor=\"#ffffff\">B\/B\u5165<\/td>\n<td align=\"center\" bgcolor=\"#ffffff\" rowspan=\"3\">400<\/td>\n<td align=\"center\" bgcolor=\"#ffffff\" rowspan=\"3\">408.0<\/td>\n<td align=\"center\" bgcolor=\"#ffffff\" rowspan=\"3\">42<\/td>\n<td align=\"center\" bgcolor=\"#ffffff\" rowspan=\"3\">20<\/td>\n<td align=\"center\" bgcolor=\"#ffffff\" rowspan=\"3\">250<\/td>\n<td align=\"center\" bgcolor=\"#ffffff\" rowspan=\"3\">140\/140<\/td>\n<td align=\"center\" bgcolor=\"#ffffff\" rowspan=\"3\">112\/112<\/td>\n<td align=\"center\" bgcolor=\"#ffffff\" rowspan=\"3\">11<\/td>\n<td align=\"center\" bgcolor=\"#ffffff\" rowspan=\"3\">58<\/td>\n<td align=\"center\" bgcolor=\"#ffffff\">4,410<\/td>\n<\/tr>\n<tr>\n<td bgcolor=\"#80ff80\" colspan=\"2\"><b>SUWJB-200<\/b><\/td>\n<td bgcolor=\"#ffffff\">\u00a0\u30a6\u30ec\u30bf\u30f3<\/td>\n<td align=\"center\" bgcolor=\"#ffffff\">\u00a0\u30e9\u30b8\u30a2\u30eb<br \/>\n\tB\/B\u5165<\/td>\n<td align=\"center\" bgcolor=\"#ffffff\">4,120<\/td>\n<\/tr>\n<tr>\n<td bgcolor=\"#ffb56a\" colspan=\"2\"><b>SUIEJB-200<\/b><\/td>\n<td bgcolor=\"#ffb56a\">\u5e2f\u96fb\u9632\u6b62\u30a6\u30ec\u30bf\u30f3<\/td>\n<td align=\"center\" bgcolor=\"#ffb56a\">B\/B\u5165<\/td>\n<td align=\"center\" bgcolor=\"#ffffff\">4,410<\/td>\n<\/tr>\n<tr>\n<td bgcolor=\"#cccccc\" colspan=\"14\"><b>\u25a0\u6a39\u8102\u88fd\u30b4\u30e0<\/b><\/td>\n<\/tr>\n<tr>\n<td bgcolor=\"#80ff80\" colspan=\"2\"><b>PNJB-200<\/b><\/td>\n<td bgcolor=\"#ffffff\">\u30b4\u30e0<\/td>\n<td align=\"center\" bgcolor=\"#ffffff\">B\/B\u5165<\/td>\n<td align=\"center\" bgcolor=\"#ffffff\" rowspan=\"2\">220<\/td>\n<td align=\"center\" bgcolor=\"#ffffff\" rowspan=\"2\">224.4<\/td>\n<td align=\"center\" bgcolor=\"#ffffff\" rowspan=\"3\">42<\/td>\n<td align=\"center\" bgcolor=\"#ffffff\" rowspan=\"3\">20<\/td>\n<td align=\"center\" bgcolor=\"#ffffff\" rowspan=\"3\">250<\/td>\n<td align=\"center\" bgcolor=\"#ffffff\" rowspan=\"3\">140\/140<\/td>\n<td align=\"center\" bgcolor=\"#ffffff\" rowspan=\"3\">112\/112<\/td>\n<td align=\"center\" bgcolor=\"#ffffff\" rowspan=\"3\">11<\/td>\n<td align=\"center\" bgcolor=\"#ffffff\" rowspan=\"3\">58<\/td>\n<td align=\"center\" bgcolor=\"#ffffff\">3,590<\/td>\n<\/tr>\n<tr>\n<td bgcolor=\"#80ff80\" colspan=\"2\"><b>PNDJB-200<\/b><\/td>\n<td bgcolor=\"#ffffff\">\u30b4\u30e0<\/td>\n<td align=\"center\" bgcolor=\"#ffffff\">SUS\u5165<\/td>\n<td align=\"center\" bgcolor=\"#ffffff\">3,590<\/td>\n<\/tr>\n<tr>\n<td bgcolor=\"#80ff80\" colspan=\"2\"><b>PNAJB-200<\/b><\/td>\n<td bgcolor=\"#ffffff\">\u30b4\u30e0<\/td>\n<td align=\"center\" bgcolor=\"#ffffff\">\u3000\u3000<\/td>\n<td align=\"center\" bgcolor=\"#ffffff\">160<\/td>\n<td align=\"center\" bgcolor=\"#ffffff\">163.2<\/td>\n<td align=\"center\" bgcolor=\"#ffffff\">3,420<\/td>\n<\/tr>\n<tr>\n<td bgcolor=\"#cccccc\" colspan=\"14\"><b>\u25a0\u6a39\u8102\u88fd\u30a6\u30ec\u30bf\u30f3\u30b4\u30e0<\/b><\/td>\n<\/tr>\n<tr>\n<td bgcolor=\"#80ff80\" colspan=\"2\"><b>PNUJB-200<\/b><\/td>\n<td bgcolor=\"#ffffff\">\u30a6\u30ec\u30bf\u30f3<\/td>\n<td align=\"center\" bgcolor=\"#ffffff\">B\/B\u5165<\/td>\n<td align=\"center\" bgcolor=\"#ffffff\" rowspan=\"2\">350<\/td>\n<td align=\"center\" bgcolor=\"#ffffff\" rowspan=\"2\">357.0<\/td>\n<td align=\"center\" bgcolor=\"#ffffff\" rowspan=\"3\">42<\/td>\n<td align=\"center\" bgcolor=\"#ffffff\" rowspan=\"3\">20<\/td>\n<td align=\"center\" bgcolor=\"#ffffff\" rowspan=\"3\">250<\/td>\n<td align=\"center\" bgcolor=\"#ffffff\" rowspan=\"3\">140\/140<\/td>\n<td align=\"center\" bgcolor=\"#ffffff\" rowspan=\"3\">112\/112<\/td>\n<td align=\"center\" bgcolor=\"#ffffff\" rowspan=\"3\">11<\/td>\n<td align=\"center\" bgcolor=\"#ffffff\" rowspan=\"3\">58<\/td>\n<td align=\"center\" bgcolor=\"#ffffff\">3,460<\/td>\n<\/tr>\n<tr>\n<td bgcolor=\"#80ff80\" colspan=\"2\"><b>PNUDJB-200<\/b><\/td>\n<td bgcolor=\"#ffffff\">\u30a6\u30ec\u30bf\u30f3<\/td>\n<td align=\"center\" bgcolor=\"#ffffff\">SUS\u5165<\/td>\n<td align=\"center\" bgcolor=\"#ffffff\">3,460<\/td>\n<\/tr>\n<tr>\n<td bgcolor=\"#80ff80\" colspan=\"2\"><b>PNUAJB-200<\/b><\/td>\n<td bgcolor=\"#ffffff\">\u30a6\u30ec\u30bf\u30f3<\/td>\n<td align=\"center\" bgcolor=\"#ffffff\">\u3000\u3000<\/td>\n<td align=\"center\" bgcolor=\"#ffffff\">250<\/td>\n<td align=\"center\" bgcolor=\"#ffffff\">255.0<\/td>\n<td align=\"center\" bgcolor=\"#ffffff\">3,290<\/td>\n<\/tr>\n<tr>\n<td bgcolor=\"#cccccc\" colspan=\"14\"><b>\u25a0\u30ca\u30a4\u30ed\u30f3<\/b><\/td>\n<\/tr>\n<tr>\n<td bgcolor=\"#80ff80\" colspan=\"2\"><b>PJB-200<\/b><\/td>\n<td bgcolor=\"#ffffff\">\u30ca\u30a4\u30ed\u30f3<\/td>\n<td align=\"center\" bgcolor=\"#ffffff\">\u3000\u3000<\/td>\n<td align=\"center\" bgcolor=\"#ffffff\">250<\/td>\n<td align=\"center\" bgcolor=\"#ffffff\">255.0<\/td>\n<td align=\"center\" bgcolor=\"#ffffff\" rowspan=\"3\">45<\/td>\n<td align=\"center\" bgcolor=\"#ffffff\" rowspan=\"3\">20<\/td>\n<td align=\"center\" bgcolor=\"#ffffff\" rowspan=\"3\">250<\/td>\n<td align=\"center\" bgcolor=\"#ffffff\" rowspan=\"3\">140\/140<\/td>\n<td align=\"center\" bgcolor=\"#ffffff\" rowspan=\"3\">112\/112<\/td>\n<td align=\"center\" bgcolor=\"#ffffff\" rowspan=\"3\">11<\/td>\n<td align=\"center\" bgcolor=\"#ffffff\" rowspan=\"3\">58<\/td>\n<td align=\"center\" bgcolor=\"#ffffff\">3,310<\/td>\n<\/tr>\n<tr>\n<td bgcolor=\"#80ff80\" colspan=\"2\"><b>PBJB-200<\/b><\/td>\n<td bgcolor=\"#ffffff\">\u30ca\u30a4\u30ed\u30f3<\/td>\n<td align=\"center\" bgcolor=\"#ffffff\">B\/B\u5165<\/td>\n<td align=\"center\" bgcolor=\"#ffffff\" rowspan=\"2\">400<\/td>\n<td align=\"center\" bgcolor=\"#ffffff\" rowspan=\"2\">408.0<\/td>\n<td align=\"center\" bgcolor=\"#ffffff\">3,520<\/td>\n<\/tr>\n<tr>\n<td bgcolor=\"#80ff80\" colspan=\"2\"><b>PBDJB-200<\/b><\/td>\n<td bgcolor=\"#ffffff\">\u30ca\u30a4\u30ed\u30f3<\/td>\n<td align=\"center\" bgcolor=\"#ffffff\">SUS\u5165<\/td>\n<td align=\"center\" bgcolor=\"#ffffff\">3,520<\/td>\n<\/tr>\n<tr>\n<td bgcolor=\"#cccccc\" colspan=\"14\"><b>\u25a0MC\u30ca\u30a4\u30ed\u30f3<\/b><\/td>\n<\/tr>\n<tr>\n<td bgcolor=\"#80ff80\" colspan=\"2\"><b>UWBJB-200<\/b><\/td>\n<td bgcolor=\"#ffffff\">MC\u30ca\u30a4\u30ed\u30f3<\/td>\n<td align=\"center\" bgcolor=\"#ffffff\">B\/B\u5165<\/td>\n<td align=\"center\" bgcolor=\"#ffffff\" rowspan=\"5\">420<\/td>\n<td align=\"center\" bgcolor=\"#ffffff\" rowspan=\"5\">428.4<\/td>\n<td align=\"center\" bgcolor=\"#ffffff\" rowspan=\"3\">42<\/td>\n<td align=\"center\" bgcolor=\"#ffffff\" rowspan=\"5\">20<\/td>\n<td align=\"center\" bgcolor=\"#ffffff\" rowspan=\"5\">250<\/td>\n<td align=\"center\" bgcolor=\"#ffffff\" rowspan=\"5\">140\/140<\/td>\n<td align=\"center\" bgcolor=\"#ffffff\" rowspan=\"5\">112\/112<\/td>\n<td align=\"center\" bgcolor=\"#ffffff\" rowspan=\"5\">11<\/td>\n<td align=\"center\" bgcolor=\"#ffffff\" rowspan=\"5\">58<\/td>\n<td align=\"center\" bgcolor=\"#ffffff\">4,470<\/td>\n<\/tr>\n<tr>\n<td bgcolor=\"#80ff80\" colspan=\"2\"><b>UWBDJB-200<\/b><\/td>\n<td bgcolor=\"#ffffff\">MC\u30ca\u30a4\u30ed\u30f3<\/td>\n<td align=\"center\" bgcolor=\"#ffffff\">SUS\u5165<\/td>\n<td align=\"center\" bgcolor=\"#ffffff\">4,470<\/td>\n<\/tr>\n<tr>\n<td bgcolor=\"#80ff80\" colspan=\"2\"><b>UWAJB-200<\/b><\/td>\n<td bgcolor=\"#ffffff\">MC\u30ca\u30a4\u30ed\u30f3<\/td>\n<td align=\"center\" bgcolor=\"#ffffff\">\u3000\u3000<\/td>\n<td align=\"center\" bgcolor=\"#ffffff\">4,320<\/td>\n<\/tr>\n<tr>\n<td bgcolor=\"#80ff80\" colspan=\"2\"><b>UWBSJB-200<\/b><\/td>\n<td bgcolor=\"#ffffff\">MC\u30ca\u30a4\u30ed\u30f3<\/td>\n<td align=\"center\" bgcolor=\"#ffffff\">B\/B\u5165<\/td>\n<td align=\"center\" bgcolor=\"#ffffff\" rowspan=\"2\">34<\/td>\n<td align=\"center\" bgcolor=\"#ffffff\">3,930<\/td>\n<\/tr>\n<tr>\n<td bgcolor=\"#80ff80\" colspan=\"2\"><b>UWBSDJB-200<\/b><\/td>\n<td bgcolor=\"#ffffff\">MC\u30ca\u30a4\u30ed\u30f3<\/td>\n<td align=\"center\" bgcolor=\"#ffffff\">SUS\u5165<\/td>\n<td align=\"center\" bgcolor=\"#ffffff\">3,930<\/td>\n<\/tr>\n<\/tbody>\n<\/table>\n<p>\u00a0<\/p>\n<\/p><\/div>","protected":false},"excerpt":{"rendered":"<p>\u30b5\u30a4\u30ba \u54c1\u3000\u3000\u3000\u756a \u8eca\u8f2a\u4ed5\u69d8 \u8ef8\u53d7 \u6700\u5927\u8377\u91cd \u30bf\u30a4\u30e4 \u5e45 \u30b7\u30e3\u30d5\u30c8 \u5f84 \u53d6\u4ed8 \u9ad8\u3055 \u30c8\u30c3\u30d7 \u30d7\u30ec\u30fc\u30c8 \u53d6\u4ed8\u7a74 \u30d4\u30c3\u30c1 \u53d6\u4ed8 \u7a74\u5f84 \u504f\u5fc3 \u81ea\u91cd (daN) (kgf) R D H1 F1\/F2 P1\/P2 d E (g) 200 \u25a0\u92fc\u677f\u88fd\u30b4\u30e0 SJB-200 \u30b4\u30e0 B\/B\u5165 250 255.0 45 20 250 140\/140 112\/112 11 58 4,240 SRJB-200 \u8d64\u30b4\u30e0 B\/B\u5165 200 204.0 4,240 SHJB-200 \u9ad8\u53cd\u767a\u30b4\u30e0 B\/B\u5165 250 255.0 4,240 CRJB-200 \u8010\u71b1\u30b4\u30e0 B\/B\u5165 4,320 \u25a0\u92fc\u677f\u88fd\u30a6\u30ec\u30bf\u30f3\u30b4\u30e0 SUIJB-200 \u30a6\u30ec\u30bf\u30f3 B\/B\u5165 400 408.0 42 20 250 140\/140 112\/112 11 58 4,410 SUWJB-200 \u00a0\u30a6\u30ec\u30bf\u30f3 \u00a0\u30e9\u30b8\u30a2\u30eb B\/B\u5165 4,120 SUIEJB-200 \u5e2f\u96fb\u9632\u6b62\u30a6\u30ec\u30bf\u30f3 B\/B\u5165 4,410 \u25a0\u6a39\u8102\u88fd\u30b4\u30e0 PNJB-200 \u30b4\u30e0 B\/B\u5165 220 224.4 42 20 250 140\/140 112\/112 11 58 3,590 PNDJB-200 \u30b4\u30e0 SUS\u5165 3,590 PNAJB-200 \u30b4\u30e0 \u3000\u3000 160 163.2 3,420 \u25a0\u6a39\u8102\u88fd\u30a6\u30ec\u30bf\u30f3\u30b4\u30e0 PNUJB-200 \u30a6\u30ec\u30bf\u30f3&#8230;<\/p>","protected":false},"featured_media":742,"comment_status":"closed","ping_status":"closed","template":"","meta":[],"product_cat":[37],"product_tag":[],"class_list":["post-741","product","type-product","status-publish","has-post-thumbnail","hentry","product_cat-banh-xe-co-dinh-co-phanh"],"_links":{"self":[{"href":"https:\/\/hdts-industry.com\/ja\/wp-json\/wp\/v2\/product\/741","targetHints":{"allow":["GET"]}}],"collection":[{"href":"https:\/\/hdts-industry.com\/ja\/wp-json\/wp\/v2\/product"}],"about":[{"href":"https:\/\/hdts-industry.com\/ja\/wp-json\/wp\/v2\/types\/product"}],"replies":[{"embeddable":true,"href":"https:\/\/hdts-industry.com\/ja\/wp-json\/wp\/v2\/comments?post=741"}],"wp:featuredmedia":[{"embeddable":true,"href":"https:\/\/hdts-industry.com\/ja\/wp-json\/wp\/v2\/media\/742"}],"wp:attachment":[{"href":"https:\/\/hdts-industry.com\/ja\/wp-json\/wp\/v2\/media?parent=741"}],"wp:term":[{"taxonomy":"product_cat","embeddable":true,"href":"https:\/\/hdts-industry.com\/ja\/wp-json\/wp\/v2\/product_cat?post=741"},{"taxonomy":"product_tag","embeddable":true,"href":"https:\/\/hdts-industry.com\/ja\/wp-json\/wp\/v2\/product_tag?post=741"}],"curies":[{"name":"wp","href":"https:\/\/api.w.org\/{rel}","templated":true}]}}