{"id":314,"date":"2023-09-12T09:03:13","date_gmt":"2023-09-12T09:03:13","guid":{"rendered":"https:\/\/hdts-industry.com\/?page_id=314"},"modified":"2023-09-20T11:15:30","modified_gmt":"2023-09-20T11:15:30","slug":"san-pham-phan-phoi-2","status":"publish","type":"page","link":"https:\/\/hdts-industry.com\/en\/san-pham-phan-phoi-2","title":{"rendered":"S\u1ea3n ph\u1ea9m ph\u00e2n ph\u1ed1i"},"content":{"rendered":"<div class=\"row\"  id=\"row-1746297841\">\n\n\t<div id=\"col-1025172102\" class=\"col medium-3 small-12 large-3\"  >\n\t\t\t\t<div class=\"col-inner\"  >\n\t\t\t\n\t\t\t\n<ul class=\"sidebar-wrapper ul-reset\"><aside id=\"nav_menu-4\" class=\"widget widget_nav_menu\"><span class=\"widget-title\"><span>Category<\/span><\/span><div class=\"is-divider small\"><\/div><div class=\"menu-menu-doc-container\"><ul id=\"menu-menu-doc\" class=\"menu\"><li id=\"menu-item-222\" class=\"menu-item menu-item-type-taxonomy menu-item-object-product_cat menu-item-222\"><a href=\"https:\/\/hdts-industry.com\/en\/product-category\/san-pham-khac\">Product<\/a><\/li>\n<li id=\"menu-item-223\" class=\"menu-item menu-item-type-taxonomy menu-item-object-category menu-item-223\"><a href=\"http:\/\/hdts-industry.com\/en\/dich-vu\/\">HDTS<\/a><\/li>\n<li id=\"menu-item-225\" class=\"menu-item menu-item-type-custom menu-item-object-custom menu-item-225\"><a href=\"#\">Design Machines<\/a><\/li>\n<li id=\"menu-item-224\" class=\"menu-item menu-item-type-taxonomy menu-item-object-category menu-item-224\"><a href=\"http:\/\/hdts-industry.com\/en\/du-an-thi-cong\/\">Personnel recruitment<\/a><\/li>\n<\/ul><\/div><\/aside>\t\t<aside id=\"flatsome_recent_posts-2\" class=\"widget flatsome_recent_posts\">\t\t<span class=\"widget-title\"><span>NEWS<\/span><\/span><div class=\"is-divider small\"><\/div>\t\t<ul>\t\t\n\t\t\n\t\t<li class=\"recent-blog-posts-li\">\n\t\t\t<div class=\"flex-row recent-blog-posts align-top pt-half pb-half\">\n\t\t\t\t<div class=\"flex-col mr-half\">\n\t\t\t\t\t<div class=\"badge post-date  badge-outline\">\n\t\t\t\t\t\t\t<div class=\"badge-inner bg-fill\" style=\"background: url(https:\/\/hdts-industry.com\/wp-content\/uploads\/2023\/09\/chinh_sach_doi_tra_hang_-_giao_hang_-_thanh_toan_836e3bb604c14bdcb7ce0c386bad92da_grande.jpg); border:0;\">\n                                \t\t\t\t\t\t\t<\/div>\n\t\t\t\t\t<\/div>\n\t\t\t\t<\/div>\n\t\t\t\t<div class=\"flex-col flex-grow\">\n\t\t\t\t\t  <a href=\"https:\/\/hdts-industry.com\/en\/giao-hang-doi-tra-hang-hoa.html\" title=\"DELIVERY &amp; RETURNS OF GOODS\">DELIVERY &amp; RETURNS OF GOODS<\/a>\n\t\t\t\t   \t  <span class=\"post_comments op-7 block is-xsmall\"><a href=\"https:\/\/hdts-industry.com\/en\/giao-hang-doi-tra-hang-hoa.html#respond\"><\/a><\/span>\n\t\t\t\t<\/div>\n\t\t\t<\/div>\n\t\t<\/li>\n\t\t\n\t\t\n\t\t<li class=\"recent-blog-posts-li\">\n\t\t\t<div class=\"flex-row recent-blog-posts align-top pt-half pb-half\">\n\t\t\t\t<div class=\"flex-col mr-half\">\n\t\t\t\t\t<div class=\"badge post-date  badge-outline\">\n\t\t\t\t\t\t\t<div class=\"badge-inner bg-fill\" style=\"background: url(https:\/\/hdts-industry.com\/wp-content\/uploads\/2023\/09\/tu-van-kt.jpg); border:0;\">\n                                \t\t\t\t\t\t\t<\/div>\n\t\t\t\t\t<\/div>\n\t\t\t\t<\/div>\n\t\t\t\t<div class=\"flex-col flex-grow\">\n\t\t\t\t\t  <a href=\"https:\/\/hdts-industry.com\/en\/tu-van-ky-thuat-ho-tro-lap-dat.html\" title=\"T\u01af V\u1ea4N K\u1ef8 THU\u1eacT &#038; H\u1ed6 TR\u1ee2 L\u1eaeP \u0110\u1eb6T\">T\u01af V\u1ea4N K\u1ef8 THU\u1eacT &#038; H\u1ed6 TR\u1ee2 L\u1eaeP \u0110\u1eb6T<\/a>\n\t\t\t\t   \t  <span class=\"post_comments op-7 block is-xsmall\"><a href=\"https:\/\/hdts-industry.com\/en\/tu-van-ky-thuat-ho-tro-lap-dat.html#respond\"><\/a><\/span>\n\t\t\t\t<\/div>\n\t\t\t<\/div>\n\t\t<\/li>\n\t\t\t\t<\/ul>\t\t<\/aside><\/ul>\n\t\t<\/div>\n\t\t\t\t\t<\/div>\n\n\t\n\n\t<div id=\"col-145697617\" class=\"col medium-9 small-12 large-9\"  >\n\t\t\t\t<div class=\"col-inner\"  >\n\t\t\t\n\t\t\t\n<h1><span style=\"color: #0074ca;\"><b>S\u1ea2N PH\u1ea8M PH\u00c2N PH\u1ed0I<\/b><\/span><\/h1>\n\t<section class=\"section cola\" id=\"section_1467675505\">\n\t\t<div class=\"bg section-bg fill bg-fill  bg-loaded\" >\n\n\t\t\t\n\t\t\t\n\t\t\t\n\n\t\t<\/div>\n\n\t\t\n\n\t\t<div class=\"section-content relative\">\n\t\t\t\n<div class=\"row row-collapse\"  id=\"row-880280649\">\n\n\t<div id=\"col-158021857\" class=\"col medium-8 small-12 large-8\"  >\n\t\t\t\t<div class=\"col-inner\"  >\n\t\t\t\n\t\t\t\n<h5><span style=\"color: #333333;\"><a style=\"color: #333333;\" href=\"https:\/\/hdts-industry.com\/en\/linh-kien-thiet-bi\/\"><b>LINH KI\u1ec6N, THI\u1ebeT B\u1eca, PH\u1ee4 KI\u1ec6N C\u00d4NG NGHI\u1ec6P \u2026 :<br \/>KH\u00cd N\u00c9N, CH\u00c2N KH\u00d4NG, TAY ROBOT, KHU\u00d4N, M\u00c1Y \u00c9P\u2026<\/b><\/a><\/span><\/h5>\n\t\t<\/div>\n\t\t\t\t\t<\/div>\n\n\t\n\n\t<div id=\"col-104415670\" class=\"col medium-4 small-12 large-4\"  >\n\t\t\t\t<div class=\"col-inner text-center\"  >\n\t\t\t\n\t\t\t\n\t<div class=\"img has-hover x md-x lg-x y md-y lg-y\" id=\"image_1624066032\">\n\t\t<a class=\"\" href=\"https:\/\/hdts-industry.com\/en\/linh-kien-thiet-bi\/\"  >\t\t\t\t\t\t<div class=\"img-inner dark\" >\n\t\t\t<img decoding=\"async\" width=\"467\" height=\"96\" src=\"https:\/\/hdts-industry.com\/wp-content\/uploads\/2023\/09\/Pisco-logo-removebg-preview-e1694509147435.png\" class=\"attachment-large size-large\" alt=\"\" \/>\t\t\t\t\t\t\n\t\t\t\t\t<\/div>\n\t\t\t\t\t\t<\/a>\t\t\n<style>\n#image_1624066032 {\n  width: 75%;\n}\n<\/style>\n\t<\/div>\n\t\n\t\t<\/div>\n\t\t\t\t\t<\/div>\n\n\t\n<\/div>\n\t\t<\/div>\n\n\t\t\n<style>\n#section_1467675505 {\n  padding-top: 20px;\n  padding-bottom: 20px;\n  background-color: rgb(243, 243, 243);\n}\n#section_1467675505 .ux-shape-divider--top svg {\n  height: 150px;\n  --divider-top-width: 100%;\n}\n#section_1467675505 .ux-shape-divider--bottom svg {\n  height: 150px;\n  --divider-width: 100%;\n}\n<\/style>\n\t<\/section>\n\t\n\t<div id=\"gap-1534833106\" class=\"gap-element clearfix\" style=\"display:block; height:auto;\">\n\t\t\n<style>\n#gap-1534833106 {\n  padding-top: 10px;\n}\n<\/style>\n\t<\/div>\n\t\n\t<section class=\"section cola\" id=\"section_277290524\">\n\t\t<div class=\"bg section-bg fill bg-fill  bg-loaded\" >\n\n\t\t\t\n\t\t\t\n\t\t\t\n\n\t\t<\/div>\n\n\t\t\n\n\t\t<div class=\"section-content relative\">\n\t\t\t\n<div class=\"row row-collapse\"  id=\"row-1289247849\">\n\n\t<div id=\"col-1052294059\" class=\"col medium-8 small-12 large-8\"  >\n\t\t\t\t<div class=\"col-inner\"  >\n\t\t\t\n\t\t\t\n<h5><span style=\"color: #282828;\"><a style=\"color: #282828;\" href=\"https:\/\/hdts-industry.com\/en\/banh-xe-cong-nghiep-xe-day-cong-nghiep\/\"><strong>B\u00c1NH XE C\u00d4NG NGHI\u1ec6P <\/strong><strong>XE \u0110\u1ea8Y C\u00d4NG NGHI\u1ec6P<\/strong><\/a><\/span><\/h5>\n\t\t<\/div>\n\t\t\t\t\t<\/div>\n\n\t\n\n\t<div id=\"col-1338620364\" class=\"col medium-4 small-12 large-4\"  >\n\t\t\t\t<div class=\"col-inner text-center\"  >\n\t\t\t\n\t\t\t\n\t<div class=\"img has-hover x md-x lg-x y md-y lg-y\" id=\"image_1596129583\">\n\t\t<a class=\"\" href=\"https:\/\/hdts-industry.com\/en\/linh-kien-thiet-bi\/\"  >\t\t\t\t\t\t<div class=\"img-inner dark\" >\n\t\t\t<img decoding=\"async\" width=\"269\" height=\"94\" src=\"https:\/\/hdts-industry.com\/wp-content\/uploads\/2023\/09\/UKAI.jpg\" class=\"attachment-large size-large\" alt=\"\" \/>\t\t\t\t\t\t\n\t\t\t\t\t<\/div>\n\t\t\t\t\t\t<\/a>\t\t\n<style>\n#image_1596129583 {\n  width: 75%;\n}\n<\/style>\n\t<\/div>\n\t\n\t\t<\/div>\n\t\t\t\t\t<\/div>\n\n\t\n<\/div>\n\t\t<\/div>\n\n\t\t\n<style>\n#section_277290524 {\n  padding-top: 20px;\n  padding-bottom: 20px;\n  background-color: rgb(243, 243, 243);\n}\n#section_277290524 .ux-shape-divider--top svg {\n  height: 150px;\n  --divider-top-width: 100%;\n}\n#section_277290524 .ux-shape-divider--bottom svg {\n  height: 150px;\n  --divider-width: 100%;\n}\n<\/style>\n\t<\/section>\n\t\n\t<div id=\"gap-1245871809\" class=\"gap-element clearfix\" style=\"display:block; height:auto;\">\n\t\t\n<style>\n#gap-1245871809 {\n  padding-top: 10px;\n}\n<\/style>\n\t<\/div>\n\t\n\t<section class=\"section cola\" id=\"section_2069965993\">\n\t\t<div class=\"bg section-bg fill bg-fill  bg-loaded\" >\n\n\t\t\t\n\t\t\t\n\t\t\t\n\n\t\t<\/div>\n\n\t\t\n\n\t\t<div class=\"section-content relative\">\n\t\t\t\n<div class=\"row row-collapse\"  id=\"row-967281202\">\n\n\t<div id=\"col-1562287634\" class=\"col medium-8 small-12 large-8\"  >\n\t\t\t\t<div class=\"col-inner\"  >\n\t\t\t\n\t\t\t\n<h5><span style=\"color: #282828;\"><a style=\"color: #282828;\" href=\"https:\/\/hdts-industry.com\/en\/dung-cu-cam-tay-cong-cu-dung-cu\/\"><strong>D\u1ee4NG C\u1ee4 C\u1ea6M TAY <\/strong><strong>C\u00d4NG C\u1ee4 D\u1ee4NG C\u1ee4<\/strong><\/a><\/span><\/h5>\n\t\t<\/div>\n\t\t\t\t\t<\/div>\n\n\t\n\n\t<div id=\"col-420984126\" class=\"col medium-4 small-12 large-4\"  >\n\t\t\t\t<div class=\"col-inner text-center\"  >\n\t\t\t\n\t\t\t\n\t<div class=\"img has-hover x md-x lg-x y md-y lg-y\" id=\"image_385644467\">\n\t\t<a class=\"\" href=\"https:\/\/hdts-industry.com\/en\/linh-kien-thiet-bi\/\"  >\t\t\t\t\t\t<div class=\"img-inner dark\" >\n\t\t\t<img decoding=\"async\" width=\"336\" height=\"92\" src=\"https:\/\/hdts-industry.com\/wp-content\/uploads\/2023\/09\/FUJIYA.jpg\" class=\"attachment-large size-large\" alt=\"\" \/>\t\t\t\t\t\t\n\t\t\t\t\t<\/div>\n\t\t\t\t\t\t<\/a>\t\t\n<style>\n#image_385644467 {\n  width: 75%;\n}\n<\/style>\n\t<\/div>\n\t\n\t\t<\/div>\n\t\t\t\t\t<\/div>\n\n\t\n<\/div>\n\t\t<\/div>\n\n\t\t\n<style>\n#section_2069965993 {\n  padding-top: 20px;\n  padding-bottom: 20px;\n  background-color: rgb(243, 243, 243);\n}\n#section_2069965993 .ux-shape-divider--top svg {\n  height: 150px;\n  --divider-top-width: 100%;\n}\n#section_2069965993 .ux-shape-divider--bottom svg {\n  height: 150px;\n  --divider-width: 100%;\n}\n<\/style>\n\t<\/section>\n\t\n\t<div id=\"gap-413466835\" class=\"gap-element clearfix\" style=\"display:block; height:auto;\">\n\t\t\n<style>\n#gap-413466835 {\n  padding-top: 10px;\n}\n<\/style>\n\t<\/div>\n\t\n\t<section class=\"section cola\" id=\"section_399427224\">\n\t\t<div class=\"bg section-bg fill bg-fill  bg-loaded\" >\n\n\t\t\t\n\t\t\t\n\t\t\t\n\n\t\t<\/div>\n\n\t\t\n\n\t\t<div class=\"section-content relative\">\n\t\t\t\n<div class=\"row row-collapse\"  id=\"row-508158269\">\n\n\t<div id=\"col-1116351833\" class=\"col medium-8 small-12 large-8\"  >\n\t\t\t\t<div class=\"col-inner\"  >\n\t\t\t\n\t\t\t\n<h5><span style=\"color: #282828;\"><a style=\"color: #282828;\" href=\"https:\/\/hdts-industry.com\/en\/robot-cong-nghiep-may-moc-phu-tro\/\"><strong>ROBOT C\u00d4NG NGHI\u1ec6P, M\u00c1Y M\u00d3C PH\u1ee4 TR\u1ee2<br \/><\/strong><\/a><\/span><\/h5>\n\t\t<\/div>\n\t\t\t\t\t<\/div>\n\n\t\n\n\t<div id=\"col-1192476595\" class=\"col medium-4 small-12 large-4\"  >\n\t\t\t\t<div class=\"col-inner text-center\"  >\n\t\t\t\n\t\t\t\n\t<div class=\"img has-hover x md-x lg-x y md-y lg-y\" id=\"image_1031871761\">\n\t\t<a class=\"\" href=\"https:\/\/hdts-industry.com\/en\/linh-kien-thiet-bi\/\"  >\t\t\t\t\t\t<div class=\"img-inner dark\" >\n\t\t\t<img decoding=\"async\" width=\"318\" height=\"112\" src=\"https:\/\/hdts-industry.com\/wp-content\/uploads\/2023\/09\/Capture-2.jpg\" class=\"attachment-large size-large\" alt=\"\" \/>\t\t\t\t\t\t\n\t\t\t\t\t<\/div>\n\t\t\t\t\t\t<\/a>\t\t\n<style>\n#image_1031871761 {\n  width: 75%;\n}\n<\/style>\n\t<\/div>\n\t\n\t\t<\/div>\n\t\t\t\t\t<\/div>\n\n\t\n<\/div>\n\t\t<\/div>\n\n\t\t\n<style>\n#section_399427224 {\n  padding-top: 20px;\n  padding-bottom: 20px;\n  background-color: rgb(243, 243, 243);\n}\n#section_399427224 .ux-shape-divider--top svg {\n  height: 150px;\n  --divider-top-width: 100%;\n}\n#section_399427224 .ux-shape-divider--bottom svg {\n  height: 150px;\n  --divider-width: 100%;\n}\n<\/style>\n\t<\/section>\n\t\n\t\t<\/div>\n\t\t\t\t\t<\/div>\n\n\t\n<\/div>","protected":false},"excerpt":{"rendered":"","protected":false},"author":1,"featured_media":0,"parent":0,"menu_order":0,"comment_status":"closed","ping_status":"closed","template":"","meta":{"footnotes":""},"class_list":["post-314","page","type-page","status-publish","hentry"],"_links":{"self":[{"href":"https:\/\/hdts-industry.com\/en\/wp-json\/wp\/v2\/pages\/314","targetHints":{"allow":["GET"]}}],"collection":[{"href":"https:\/\/hdts-industry.com\/en\/wp-json\/wp\/v2\/pages"}],"about":[{"href":"https:\/\/hdts-industry.com\/en\/wp-json\/wp\/v2\/types\/page"}],"author":[{"embeddable":true,"href":"https:\/\/hdts-industry.com\/en\/wp-json\/wp\/v2\/users\/1"}],"replies":[{"embeddable":true,"href":"https:\/\/hdts-industry.com\/en\/wp-json\/wp\/v2\/comments?post=314"}],"version-history":[{"count":14,"href":"https:\/\/hdts-industry.com\/en\/wp-json\/wp\/v2\/pages\/314\/revisions"}],"predecessor-version":[{"id":502,"href":"https:\/\/hdts-industry.com\/en\/wp-json\/wp\/v2\/pages\/314\/revisions\/502"}],"wp:attachment":[{"href":"https:\/\/hdts-industry.com\/en\/wp-json\/wp\/v2\/media?parent=314"}],"curies":[{"name":"wp","href":"https:\/\/api.w.org\/{rel}","templated":true}]}}